{"id":17070,"date":"2018-06-05T09:29:08","date_gmt":"2018-06-05T09:29:08","guid":{"rendered":"https:\/\/www.vsiconsulting.net\/republica-dominicana\/"},"modified":"2018-11-19T14:36:28","modified_gmt":"2018-11-19T14:36:28","slug":"republica-dominicana","status":"publish","type":"page","link":"https:\/\/www.vsiconsulting.net\/pt-pt\/republica-dominicana\/","title":{"rendered":"REP\u00daBLICA DOMINICANA"},"content":{"rendered":"<p>Nuestra oficina en SANTO DOMINGO puede asesorarle y acompa\u00f1arle en sus proyectos de INVERSION en el pa\u00eds.<\/p>\n<p>&nbsp;<\/p>\n<p><strong>Entorno de Negocios e Inversiones en Rep\u00fablica Dominicana<\/strong><\/p>\n<p>Este informe expone los motivos fundamentales por los que inversionistas y empresas europeas en general y espa\u00f1olas en particular est\u00e1n internacionalizando sus negocios estableci\u00e9ndose en Rep\u00fablica Dominicana, aprovechando su estrat\u00e9gica posici\u00f3n geogr\u00e1fica y la existencia de favorables acuerdos comerciales con los Estados Unidos y otros pa\u00edses del \u00e1rea. Dentro de los pa\u00edses de Centro Am\u00e9rica y el Caribe, la Rep\u00fablica Dominicana destaca por ser uno de los principales destinos de Inversi\u00f3n Extranjera Directa (IED). La IED se realiza principalmente en el sector de las manufacturas, pl\u00e1sticos y envasados, alimentaci\u00f3n, ensamblaje de componentes y servicios. La Rep\u00fablica Dominicana ha creado instrumentos interesantes para el inversionista extranjero tales como las Zonas de Procesamiento de Exportaciones (ZPE) o zonas francas. Con el prop\u00f3sito de llevar r\u00e1pidamente a Rep\u00fablica Dominicana hacia la era de la globalizaci\u00f3n, se ha hecho \u00e9nfasis en el desarrollo de un nuevo ambiente de negocios en el cual se aprovechan los diversos recursos del pa\u00eds y sus ventajas competitivas, las cuales se pueden resumir en los siguientes puntos:<\/p>\n<ul>\n<li>Gran estabilidad pol\u00edtica y macroecon\u00f3mica.<\/li>\n<li>Abundancia de mano de obra cualificada y bajos costes salariales.<\/li>\n<li>Excelente infraestructura de telecomunicaciones.<\/li>\n<li>Sistema bancario y de seguros altamente desarrollado.<\/li>\n<li>Ambiente de operaci\u00f3n de Zonas Francas sin riesgos.<\/li>\n<li>Incentivos fiscales y financieros atractivos.<\/li>\n<li>Amplia infraestructura f\u00edsica: una red de carreteras considerada de las mejores de la regi\u00f3n, 6 aeropuertos para vuelos dom\u00e9sticos e internacionales y 11 importantes puertos localizados a corta distancia de los m\u00e1s importantes centros de producci\u00f3n.<\/li>\n<li>Posici\u00f3n geogr\u00e1fica estrat\u00e9gica.<\/li>\n<\/ul>\n<p><strong>\u00a0<\/strong><\/p>\n<p><strong>Pol\u00edticas de incentivos para la inversi\u00f3n extranjera y fomento de las exportaciones desde Rep\u00fablica Dominicana. &#8211; <\/strong>La Rep\u00fablica Dominicana se ha dotado de un marco normativo que incentiva y facilita la inversi\u00f3n extranjera y fomenta la exportaci\u00f3n desde su territorio, entre las Leyes y Reglamentos m\u00e1s notables establecidas al efecto, pueden destacarse:<\/p>\n<p><strong>Ley y Reglamento de Zonas Francas: <\/strong>Esta Ley y su Reglamento permite que las empresas instaladas en Zonas Francas, produciendo bienes y servicios, se beneficien de un r\u00e9gimen especial aduanero y exenci\u00f3n de impuestos de hasta un 100%, durante 15 a\u00f1os.<\/p>\n<p><strong>Ley de Reintegro de los Derechos y Grav\u00e1menes Aduaneros<\/strong><\/p>\n<p>Se establece el Reintegro de los Derechos y Grav\u00e1menes Aduaneros pagados sobre las materias primas, insumos, bienes intermedios, etiquetas, envases y material de empaque importados por el propio exportador o por terceros, cuando los mismos se hayan incorporado en procesos de manufactura de bienes de exportaci\u00f3n.<\/p>\n<p><strong>Ley de R\u00e9gimen de Admisi\u00f3n Temporal para Perfeccionamiento Activo<\/strong>: De acuerdo a esta ley, se entiende por admisi\u00f3n temporal \u201cla entrada de determinadas mercanc\u00edas a territorio aduanero dominicano, con suspensi\u00f3n de los impuestos de importaci\u00f3n a todos los bienes que en un periodo no superior a los dieciocho (18) meses desde su entrada a territorio aduanero nacional, sean reexportados desde la Rep\u00fablica Dominicana.<\/p>\n<p><strong>(SGP) Sistema Generalizado de Preferencias con la Uni\u00f3n Europea<\/strong>: Es un esquema preferencial, mediante el cual ciertas cantidades o cuotas de productos provenientes de la Rep\u00fablica Dominicana, perciben la reducci\u00f3n parcial o total de los derechos de aduana al ser exportados a la Uni\u00f3n Europea.<\/p>\n<p><strong>CAFTA-DR<\/strong>: El CAFTA-DR es el Tratado regional de libre comercio firmado entre Rep\u00fablica Dominicana los Estados Unidos y cinco pa\u00edses de Centroam\u00e9rica: Guatemala, El Salvador, Nicaragua, Honduras, y Costa Rica. Como colof\u00f3n a este conjunto normativo, podemos agregar la facilidad que existe para que los inversionistas extranjeros puedan repatriar libremente en divisas, su capital y dividendos, el programa de otorgamiento de Residencia para extranjeros en Rep\u00fablica Dominicana a trav\u00e9s de la inversi\u00f3n y las excelentes plusval\u00edas y rendimientos que se obtienen con inversiones tanto en el Mercado de Valores local, como en propiedades inmobiliarias, bien sean de car\u00e1cter residencial o comercial. En este entorno, es donde se fundamenta sin duda el favorable clima para los negocios y la inversi\u00f3n extranjera existente actualmente en la Rep\u00fablica Dominicana.<\/p>\n<p>&nbsp;<\/p>\n","protected":false},"excerpt":{"rendered":"<p>Nuestra oficina en SANTO DOMINGO puede asesorarle y acompa\u00f1arle en sus proyectos de INVERSION en el pa\u00eds. &nbsp; Entorno de Negocios e Inversiones en Rep\u00fablica Dominicana Este informe expone los motivos fundamentales por los que inversionistas y empresas europeas en general y espa\u00f1olas en particular&#8230;<\/p>\n","protected":false},"author":1,"featured_media":0,"parent":0,"menu_order":0,"comment_status":"closed","ping_status":"closed","template":"","meta":[],"_links":{"self":[{"href":"https:\/\/www.vsiconsulting.net\/pt-pt\/wp-json\/wp\/v2\/pages\/17070"}],"collection":[{"href":"https:\/\/www.vsiconsulting.net\/pt-pt\/wp-json\/wp\/v2\/pages"}],"about":[{"href":"https:\/\/www.vsiconsulting.net\/pt-pt\/wp-json\/wp\/v2\/types\/page"}],"author":[{"embeddable":true,"href":"https:\/\/www.vsiconsulting.net\/pt-pt\/wp-json\/wp\/v2\/users\/1"}],"replies":[{"embeddable":true,"href":"https:\/\/www.vsiconsulting.net\/pt-pt\/wp-json\/wp\/v2\/comments?post=17070"}],"version-history":[{"count":1,"href":"https:\/\/www.vsiconsulting.net\/pt-pt\/wp-json\/wp\/v2\/pages\/17070\/revisions"}],"predecessor-version":[{"id":17090,"href":"https:\/\/www.vsiconsulting.net\/pt-pt\/wp-json\/wp\/v2\/pages\/17070\/revisions\/17090"}],"wp:attachment":[{"href":"https:\/\/www.vsiconsulting.net\/pt-pt\/wp-json\/wp\/v2\/media?parent=17070"}],"curies":[{"name":"wp","href":"https:\/\/api.w.org\/{rel}","templated":true}]}}