{"id":16748,"date":"2017-12-14T12:17:12","date_gmt":"2017-12-14T12:17:12","guid":{"rendered":"http:\/\/www.vsiconsulting.net\/empresas-2\/"},"modified":"2019-08-05T08:50:09","modified_gmt":"2019-08-05T08:50:09","slug":"clientes","status":"publish","type":"page","link":"https:\/\/www.vsiconsulting.net\/pt-pt\/clientes\/","title":{"rendered":"Clientes"},"content":{"rendered":"<p>[vc_row css_animation=&#8221;&#8221; row_type=&#8221;row&#8221; use_row_as_full_screen_section=&#8221;no&#8221; type=&#8221;full_width&#8221; angled_section=&#8221;no&#8221; text_align=&#8221;left&#8221; background_image_as_pattern=&#8221;without_pattern&#8221;][vc_column][vc_column_text]<\/p>\n<h2 style=\"margin-bottom: 2%; text-transform: initial; text-align: center;\">Empresas de infinidad de sectores<\/h2>\n<p style=\"text-align: center;\">VSI Consulting ha trabajado para m\u00e1s de 700 empresas en los \u00faltimos 14 a\u00f1os, de infinidad de sectores industriales y consumo.<\/p>\n<p>[\/vc_column_text][vc_empty_space height=&#8221;2em&#8221;][\/vc_column][\/vc_row][vc_row css_animation=&#8221;&#8221; row_type=&#8221;row&#8221; use_row_as_full_screen_section=&#8221;no&#8221; type=&#8221;full_width&#8221; angled_section=&#8221;no&#8221; text_align=&#8221;left&#8221; background_image_as_pattern=&#8221;without_pattern&#8221;][vc_column width=&#8221;1\/4&#8243;][vc_column_text]<\/p>\n<ul>\n<li>Agroalimentario y vinos<\/li>\n<li>Maquinaria<\/li>\n<li>Metalurgia<\/li>\n<li>Electr\u00f3nica y TIC<\/li>\n<li>Textil y moda<\/li>\n<\/ul>\n<p>[\/vc_column_text][vc_empty_space height=&#8221;2em&#8221;][\/vc_column][vc_column width=&#8221;1\/4&#8243;][vc_column_text]<\/p>\n<ul>\n<li>Cosm\u00e9tica<\/li>\n<li>Ingenier\u00eda y Construcci\u00f3n<\/li>\n<li>Mueble y madera<\/li>\n<li>Productos limpieza e higiene<\/li>\n<li>Juguetes y productos para la infancia<\/li>\n<\/ul>\n<p>[\/vc_column_text][vc_empty_space height=&#8221;2em&#8221;][\/vc_column][vc_column width=&#8221;1\/4&#8243;][vc_column_text]<\/p>\n<ul>\n<li>Biotecnolog\u00eda<\/li>\n<li>H\u00e1bitat<\/li>\n<li>Envase y embalaje<\/li>\n<li>Equipamiento sanitario<\/li>\n<li>Transporte<\/li>\n<\/ul>\n<p>[\/vc_column_text][vc_empty_space height=&#8221;2em&#8221;][\/vc_column][vc_column width=&#8221;1\/4&#8243;][vc_column_text]<\/p>\n<ul>\n<li>Turismo y ocio<\/li>\n<li>Tecnolog\u00eda agr\u00edcola<\/li>\n<li>Moldes y matrices<\/li>\n<li>Industria qu\u00edmica<\/li>\n<li>Aeron\u00e1utica<\/li>\n<\/ul>\n<p>[\/vc_column_text][vc_empty_space height=&#8221;2em&#8221;][\/vc_column][\/vc_row][vc_row css_animation=&#8221;&#8221; row_type=&#8221;row&#8221; use_row_as_full_screen_section=&#8221;no&#8221; type=&#8221;full_width&#8221; angled_section=&#8221;no&#8221; text_align=&#8221;left&#8221; background_image_as_pattern=&#8221;without_pattern&#8221;][vc_column][vc_single_image image=&#8221;16660&#8243; img_size=&#8221;full&#8221; alignment=&#8221;center&#8221; qode_css_animation=&#8221;&#8221;][vc_empty_space height=&#8221;2em&#8221;][vc_column_text]<\/p>\n<h2 style=\"margin-bottom: 2%; text-transform: initial; text-align: center;\">Somos partners estrat\u00e9gicos<\/h2>\n<p>VSI Consulting es adem\u00e1s colaborador oficial de numerosas instituciones nacionales e internacionales, sirviendo de partner estrat\u00e9gico para las actividades y servicios de promoci\u00f3n internacional que estas llevan a cabo a lo largo del a\u00f1o.<\/p>\n<p>Entre otras destacamos la organizaci\u00f3n de misiones comerciales, estudios de mercado, creaci\u00f3n de grupos de exportacion, misiones inversas, organizaci\u00f3n de encuentros empresariales y actividades a medida.[\/vc_column_text][vc_empty_space height=&#8221;4em&#8221;][\/vc_column][\/vc_row][vc_row css_animation=&#8221;&#8221; row_type=&#8221;row&#8221; use_row_as_full_screen_section=&#8221;no&#8221; type=&#8221;full_width&#8221; angled_section=&#8221;no&#8221; text_align=&#8221;left&#8221; background_image_as_pattern=&#8221;without_pattern&#8221;][vc_column width=&#8221;1\/2&#8243;][vc_single_image image=&#8221;16662&#8243; img_size=&#8221;full&#8221; qode_css_animation=&#8221;&#8221;][vc_empty_space height=&#8221;6em&#8221;][\/vc_column][vc_column width=&#8221;1\/2&#8243;][vc_column_text]Nuestros clientes son:<\/p>\n<ul>\n<li>Organismos auton\u00f3micos p\u00fablicos de promoci\u00f3n internacional<\/li>\n<li>C\u00e1maras de Comercio<\/li>\n<li>Federaciones y Asociaciones empresariales sectoriales y multisectoriales<\/li>\n<li>Institutos tecnol\u00f3gicos<\/li>\n<li>Consorcios y agrupaciones empresariales<\/li>\n<\/ul>\n<p>[\/vc_column_text][vc_empty_space height=&#8221;2em&#8221;]<a id=\"button-references\" itemprop=\"url\" href=\"https:\/\/www.vsiconsulting.net\/wp-content\/uploads\/2019\/07\/Referencias-VSI.pdf\" target=\"_blank\" data-hover-background-color=#000000  class=\"qbutton  medium center default\" style=\"color: #ffffff; border-color: #91b2c3; background-color: #91b2c3;\">Nuestras referencias<\/a>[\/vc_column][\/vc_row]<\/p>\n","protected":false},"excerpt":{"rendered":"<p>[vc_row css_animation=&#8221;&#8221; row_type=&#8221;row&#8221; use_row_as_full_screen_section=&#8221;no&#8221; type=&#8221;full_width&#8221; angled_section=&#8221;no&#8221; text_align=&#8221;left&#8221; background_image_as_pattern=&#8221;without_pattern&#8221;][vc_column][vc_column_text] Empresas de infinidad de sectores VSI Consulting ha trabajado para m\u00e1s de 700 empresas en los \u00faltimos 14 a\u00f1os, de infinidad de sectores industriales y consumo. [\/vc_column_text][vc_empty_space height=&#8221;2em&#8221;][\/vc_column][\/vc_row][vc_row css_animation=&#8221;&#8221; row_type=&#8221;row&#8221; use_row_as_full_screen_section=&#8221;no&#8221; type=&#8221;full_width&#8221; angled_section=&#8221;no&#8221; text_align=&#8221;left&#8221; background_image_as_pattern=&#8221;without_pattern&#8221;][vc_column width=&#8221;1\/4&#8243;][vc_column_text] Agroalimentario&#8230;<\/p>\n","protected":false},"author":1,"featured_media":0,"parent":0,"menu_order":0,"comment_status":"closed","ping_status":"closed","template":"","meta":[],"_links":{"self":[{"href":"https:\/\/www.vsiconsulting.net\/pt-pt\/wp-json\/wp\/v2\/pages\/16748"}],"collection":[{"href":"https:\/\/www.vsiconsulting.net\/pt-pt\/wp-json\/wp\/v2\/pages"}],"about":[{"href":"https:\/\/www.vsiconsulting.net\/pt-pt\/wp-json\/wp\/v2\/types\/page"}],"author":[{"embeddable":true,"href":"https:\/\/www.vsiconsulting.net\/pt-pt\/wp-json\/wp\/v2\/users\/1"}],"replies":[{"embeddable":true,"href":"https:\/\/www.vsiconsulting.net\/pt-pt\/wp-json\/wp\/v2\/comments?post=16748"}],"version-history":[{"count":19,"href":"https:\/\/www.vsiconsulting.net\/pt-pt\/wp-json\/wp\/v2\/pages\/16748\/revisions"}],"predecessor-version":[{"id":18249,"href":"https:\/\/www.vsiconsulting.net\/pt-pt\/wp-json\/wp\/v2\/pages\/16748\/revisions\/18249"}],"wp:attachment":[{"href":"https:\/\/www.vsiconsulting.net\/pt-pt\/wp-json\/wp\/v2\/media?parent=16748"}],"curies":[{"name":"wp","href":"https:\/\/api.w.org\/{rel}","templated":true}]}}