{"id":16277,"date":"2017-08-16T08:01:05","date_gmt":"2017-08-16T08:01:05","guid":{"rendered":"http:\/\/www.vsiconsulting.net\/otros-diversos\/"},"modified":"2017-08-17T08:44:40","modified_gmt":"2017-08-17T08:44:40","slug":"outros-servicos","status":"publish","type":"page","link":"https:\/\/www.vsiconsulting.net\/pt-pt\/outros-servicos\/","title":{"rendered":"OUTROS SERVI\u00c7OS DA VSI CONSULTING"},"content":{"rendered":"<p>[vc_row css_animation=&#8221;&#8221; row_type=&#8221;row&#8221; use_row_as_full_screen_section=&#8221;no&#8221; type=&#8221;full_width&#8221; angled_section=&#8221;no&#8221; text_align=&#8221;left&#8221; background_image_as_pattern=&#8221;without_pattern&#8221;][vc_column width=&#8221;1\/2&#8243;][vc_column_text]<\/p>\n<ul>\n<li>Estudos de mercado<\/li>\n<\/ul>\n<ul>\n<li>Informes de clientes<\/li>\n<\/ul>\n<ul>\n<li>Planos de internacionaliza\u00e7\u00e3o globais<\/li>\n<\/ul>\n<ul>\n<li>Listagem de clientes e distribuidores<\/li>\n<\/ul>\n<ul>\n<li>Lan\u00e7amento de redes comerciais<\/li>\n<\/ul>\n<ul>\n<li>Selec\u00e7\u00e3o de pessoal<\/li>\n<\/ul>\n<p>[\/vc_column_text][\/vc_column][vc_column width=&#8221;1\/2&#8243;][vc_column_text]<\/p>\n<ul>\n<li>Apoio a gest\u00f5es comerciais<\/li>\n<\/ul>\n<ul>\n<li>Organiza\u00e7\u00e3o e gest\u00e3o de feiras<\/li>\n<\/ul>\n<ul>\n<li>Campanhas de comunica\u00e7\u00e3o<\/li>\n<\/ul>\n<ul>\n<li>Assessoria legal<\/li>\n<\/ul>\n<ul>\n<li>Tradutores<\/li>\n<\/ul>\n<ul>\n<li>e MUITO MAIS<\/li>\n<\/ul>\n<p>[\/vc_column_text][\/vc_column][\/vc_row]<\/p>\n","protected":false},"excerpt":{"rendered":"<p>[vc_row css_animation=&#8221;&#8221; row_type=&#8221;row&#8221; use_row_as_full_screen_section=&#8221;no&#8221; type=&#8221;full_width&#8221; angled_section=&#8221;no&#8221; text_align=&#8221;left&#8221; background_image_as_pattern=&#8221;without_pattern&#8221;][vc_column width=&#8221;1\/2&#8243;][vc_column_text] Estudos de mercado Informes de clientes Planos de internacionaliza\u00e7\u00e3o globais Listagem de clientes e distribuidores Lan\u00e7amento de redes comerciais Selec\u00e7\u00e3o de pessoal [\/vc_column_text][\/vc_column][vc_column width=&#8221;1\/2&#8243;][vc_column_text] Apoio a gest\u00f5es comerciais Organiza\u00e7\u00e3o e gest\u00e3o de feiras Campanhas de comunica\u00e7\u00e3o&#8230;<\/p>\n","protected":false},"author":1,"featured_media":0,"parent":0,"menu_order":0,"comment_status":"closed","ping_status":"closed","template":"","meta":[],"_links":{"self":[{"href":"https:\/\/www.vsiconsulting.net\/pt-pt\/wp-json\/wp\/v2\/pages\/16277"}],"collection":[{"href":"https:\/\/www.vsiconsulting.net\/pt-pt\/wp-json\/wp\/v2\/pages"}],"about":[{"href":"https:\/\/www.vsiconsulting.net\/pt-pt\/wp-json\/wp\/v2\/types\/page"}],"author":[{"embeddable":true,"href":"https:\/\/www.vsiconsulting.net\/pt-pt\/wp-json\/wp\/v2\/users\/1"}],"replies":[{"embeddable":true,"href":"https:\/\/www.vsiconsulting.net\/pt-pt\/wp-json\/wp\/v2\/comments?post=16277"}],"version-history":[{"count":3,"href":"https:\/\/www.vsiconsulting.net\/pt-pt\/wp-json\/wp\/v2\/pages\/16277\/revisions"}],"predecessor-version":[{"id":16346,"href":"https:\/\/www.vsiconsulting.net\/pt-pt\/wp-json\/wp\/v2\/pages\/16277\/revisions\/16346"}],"wp:attachment":[{"href":"https:\/\/www.vsiconsulting.net\/pt-pt\/wp-json\/wp\/v2\/media?parent=16277"}],"curies":[{"name":"wp","href":"https:\/\/api.w.org\/{rel}","templated":true}]}}