{"id":16271,"date":"2017-08-16T08:02:29","date_gmt":"2017-08-16T08:02:29","guid":{"rendered":"http:\/\/www.vsiconsulting.net\/promociones-en-punto-de-venta\/"},"modified":"2017-08-17T08:47:54","modified_gmt":"2017-08-17T08:47:54","slug":"promocao-em-ponto-de-venda","status":"publish","type":"page","link":"https:\/\/www.vsiconsulting.net\/pt-pt\/promocao-em-ponto-de-venda\/","title":{"rendered":"PROMO\u00c7\u00c3O EM PONTO DE VENDA"},"content":{"rendered":"<p>[vc_row css_animation=&#8221;&#8221; row_type=&#8221;row&#8221; use_row_as_full_screen_section=&#8221;no&#8221; type=&#8221;full_width&#8221; angled_section=&#8221;no&#8221; text_align=&#8221;left&#8221; background_image_as_pattern=&#8221;without_pattern&#8221;][vc_column width=&#8221;1\/2&#8243;][vc_single_image image=&#8221;16145&#8243; img_size=&#8221;full&#8221; alignment=&#8221;center&#8221; qode_css_animation=&#8221;&#8221;][\/vc_column][vc_column width=&#8221;1\/2&#8243;][vc_column_text]VSI mant\u00e9m rela\u00e7\u00f5es com importantes cadeias de lojas em diversos pa\u00edses. As promo\u00e7\u00f5es em ponto de venda s\u00e3o uma excelente arma de promo\u00e7\u00e3o para entrar num mercado. Durante um per\u00edodo, a cadeia promove nos seus pontos de venda seleccionados os productos das empresas participantes, real\u00e7ando a marca e gerando interesse entre o consumidor local.<\/p>\n<p>&nbsp;<\/p>\n<p>A partir da promo\u00e7\u00e3o, a cadeia local pode monitorizar qu\u00ea productos tiveram maior sa\u00edda e assinar acordo com o productor para distribui\u00e7\u00e3o.<\/p>\n<p>&nbsp;<\/p>\n<p>As promo\u00e7\u00f5es podem ser simples ou mais complexas e ir acrescentando elementos em fun\u00e7\u00e3o das necessidades do cliente ou or\u00e7amento, desde promo\u00e7\u00e3o em cat\u00e1logo, passando por stands degusta\u00e7\u00e3o, at\u00e9 campanha especial na web da cadeia, prateleiras destacadas, merchandising, etc\u2026[\/vc_column_text][vc_empty_space][vc_column_text]<\/p>\n<h3 style=\"text-align: center;\"><a href=\"http:\/\/www.vsiconsulting.net\/wp-content\/uploads\/2017\/08\/FOODDRINKS-ALEMANIA.pdf\">CLICK AQUI PARA DESCARGA DIRECTA DE NUESTRA PRESENTACI\u00d3N DE SERVICIOS EN ALEMANIA<\/a><\/h3>\n<p>[\/vc_column_text][\/vc_column][\/vc_row]<\/p>\n","protected":false},"excerpt":{"rendered":"<p>[vc_row css_animation=&#8221;&#8221; row_type=&#8221;row&#8221; use_row_as_full_screen_section=&#8221;no&#8221; type=&#8221;full_width&#8221; angled_section=&#8221;no&#8221; text_align=&#8221;left&#8221; background_image_as_pattern=&#8221;without_pattern&#8221;][vc_column width=&#8221;1\/2&#8243;][vc_single_image image=&#8221;16145&#8243; img_size=&#8221;full&#8221; alignment=&#8221;center&#8221; qode_css_animation=&#8221;&#8221;][\/vc_column][vc_column width=&#8221;1\/2&#8243;][vc_column_text]VSI mant\u00e9m rela\u00e7\u00f5es com importantes cadeias de lojas em diversos pa\u00edses. As promo\u00e7\u00f5es em ponto de venda s\u00e3o uma excelente arma de promo\u00e7\u00e3o para entrar num mercado. Durante um per\u00edodo, a cadeia&#8230;<\/p>\n","protected":false},"author":1,"featured_media":0,"parent":0,"menu_order":0,"comment_status":"closed","ping_status":"closed","template":"","meta":[],"_links":{"self":[{"href":"https:\/\/www.vsiconsulting.net\/pt-pt\/wp-json\/wp\/v2\/pages\/16271"}],"collection":[{"href":"https:\/\/www.vsiconsulting.net\/pt-pt\/wp-json\/wp\/v2\/pages"}],"about":[{"href":"https:\/\/www.vsiconsulting.net\/pt-pt\/wp-json\/wp\/v2\/types\/page"}],"author":[{"embeddable":true,"href":"https:\/\/www.vsiconsulting.net\/pt-pt\/wp-json\/wp\/v2\/users\/1"}],"replies":[{"embeddable":true,"href":"https:\/\/www.vsiconsulting.net\/pt-pt\/wp-json\/wp\/v2\/comments?post=16271"}],"version-history":[{"count":1,"href":"https:\/\/www.vsiconsulting.net\/pt-pt\/wp-json\/wp\/v2\/pages\/16271\/revisions"}],"predecessor-version":[{"id":16348,"href":"https:\/\/www.vsiconsulting.net\/pt-pt\/wp-json\/wp\/v2\/pages\/16271\/revisions\/16348"}],"wp:attachment":[{"href":"https:\/\/www.vsiconsulting.net\/pt-pt\/wp-json\/wp\/v2\/media?parent=16271"}],"curies":[{"name":"wp","href":"https:\/\/api.w.org\/{rel}","templated":true}]}}