{"id":16268,"date":"2017-08-16T08:02:29","date_gmt":"2017-08-16T08:02:29","guid":{"rendered":"http:\/\/www.vsiconsulting.net\/show-cooking\/"},"modified":"2017-08-17T08:42:01","modified_gmt":"2017-08-17T08:42:01","slug":"show-cooking","status":"publish","type":"page","link":"https:\/\/www.vsiconsulting.net\/pt-pt\/show-cooking\/","title":{"rendered":"Show Cooking"},"content":{"rendered":"<p>[vc_row css_animation=&#8221;&#8221; row_type=&#8221;row&#8221; use_row_as_full_screen_section=&#8221;no&#8221; type=&#8221;full_width&#8221; angled_section=&#8221;no&#8221; text_align=&#8221;left&#8221; background_image_as_pattern=&#8221;without_pattern&#8221;][vc_column width=&#8221;1\/2&#8243;][vc_column_text]<\/p>\n<p style=\"text-align: center;\"><em>Sergio Moraleda, director VSI Consulting, e\u00a0<\/em><em>O<\/em><em>zdemir Fikret,\u00a0<\/em><\/p>\n<p style=\"text-align: center;\"><em>Executive Head Chief do\u00a0<\/em><em>Radisson Blu Hotels e\u00a0<\/em><em>presidente<\/em><\/p>\n<p style=\"text-align: center;\"><em>da Associa\u00e7\u00e3o de\u00a0<\/em><em>Chefes da Turquia.<\/em><\/p>\n<p>[\/vc_column_text][\/vc_column][vc_column width=&#8221;1\/2&#8243;][vc_column_text]VSI organiza show cookings em diferentes mercados internacionais. Consiste na organiza\u00e7\u00e3o de um espa\u00e7o com amostras de productos alimentares e bebidas e paralelamente um chefe local de prest\u00edgio cozinha durante todo um dia diversos pratos utilizando os productos das empresas participantes.<\/p>\n<p>&nbsp;<\/p>\n<p>Paralelamente convoca-se a importadores, distribuidores, cadeias de lojas gourmet, canal horeca, jornalistas especializados que visitam o evento, degustam os pratos e re\u00fanem-se com os productores.<\/p>\n<p>Todo o evento vai acompanhado de uma importante campanha de comunica\u00e7\u00e3o para captar o interesse do sector.[\/vc_column_text][\/vc_column][\/vc_row]<\/p>\n","protected":false},"excerpt":{"rendered":"<p>[vc_row css_animation=&#8221;&#8221; row_type=&#8221;row&#8221; use_row_as_full_screen_section=&#8221;no&#8221; type=&#8221;full_width&#8221; angled_section=&#8221;no&#8221; text_align=&#8221;left&#8221; background_image_as_pattern=&#8221;without_pattern&#8221;][vc_column width=&#8221;1\/2&#8243;][vc_column_text] Sergio Moraleda, director VSI Consulting, e\u00a0Ozdemir Fikret,\u00a0 Executive Head Chief do\u00a0Radisson Blu Hotels e\u00a0presidente da Associa\u00e7\u00e3o de\u00a0Chefes da Turquia. [\/vc_column_text][\/vc_column][vc_column width=&#8221;1\/2&#8243;][vc_column_text]VSI organiza show cookings em diferentes mercados internacionais. Consiste na organiza\u00e7\u00e3o de um espa\u00e7o com amostras&#8230;<\/p>\n","protected":false},"author":1,"featured_media":0,"parent":0,"menu_order":0,"comment_status":"closed","ping_status":"closed","template":"","meta":[],"_links":{"self":[{"href":"https:\/\/www.vsiconsulting.net\/pt-pt\/wp-json\/wp\/v2\/pages\/16268"}],"collection":[{"href":"https:\/\/www.vsiconsulting.net\/pt-pt\/wp-json\/wp\/v2\/pages"}],"about":[{"href":"https:\/\/www.vsiconsulting.net\/pt-pt\/wp-json\/wp\/v2\/types\/page"}],"author":[{"embeddable":true,"href":"https:\/\/www.vsiconsulting.net\/pt-pt\/wp-json\/wp\/v2\/users\/1"}],"replies":[{"embeddable":true,"href":"https:\/\/www.vsiconsulting.net\/pt-pt\/wp-json\/wp\/v2\/comments?post=16268"}],"version-history":[{"count":1,"href":"https:\/\/www.vsiconsulting.net\/pt-pt\/wp-json\/wp\/v2\/pages\/16268\/revisions"}],"predecessor-version":[{"id":16343,"href":"https:\/\/www.vsiconsulting.net\/pt-pt\/wp-json\/wp\/v2\/pages\/16268\/revisions\/16343"}],"wp:attachment":[{"href":"https:\/\/www.vsiconsulting.net\/pt-pt\/wp-json\/wp\/v2\/media?parent=16268"}],"curies":[{"name":"wp","href":"https:\/\/api.w.org\/{rel}","templated":true}]}}