{"id":16264,"date":"2017-08-16T07:53:51","date_gmt":"2017-08-16T07:53:51","guid":{"rendered":"http:\/\/www.vsiconsulting.net\/show-room\/"},"modified":"2017-08-17T08:40:46","modified_gmt":"2017-08-17T08:40:46","slug":"show-room","status":"publish","type":"page","link":"https:\/\/www.vsiconsulting.net\/pt-pt\/show-room\/","title":{"rendered":"Show Room"},"content":{"rendered":"<p>[vc_row css_animation=&#8221;&#8221; row_type=&#8221;row&#8221; use_row_as_full_screen_section=&#8221;no&#8221; type=&#8221;full_width&#8221; angled_section=&#8221;no&#8221; text_align=&#8221;left&#8221; background_image_as_pattern=&#8221;without_pattern&#8221;][vc_column width=&#8221;1\/2&#8243;][vc_single_image image=&#8221;16141&#8243; img_size=&#8221;full&#8221; alignment=&#8221;center&#8221; qode_css_animation=&#8221;&#8221;][\/vc_column][vc_column width=&#8221;1\/2&#8243;][vc_column_text]Execu\u00e7\u00e3o das agendas de reuni\u00f5es no lugar do evento, incluindo estudos sectoriais, ac\u00e7\u00f5es de marketing e promo\u00e7\u00e3o do evento, coordena\u00e7\u00e3o e log\u00edstica integral.<\/p>\n<p>&nbsp;<\/p>\n<p>VSI pode encarregar-se do aluguer de salas e catering, organiza\u00e7\u00e3o de actos oficiais, convite a autoridades locais, organiza\u00e7\u00e3o de rodas de imprensa e campanha de comunica\u00e7\u00e3o, realiza\u00e7\u00e3o de semin\u00e1rios e oradores, etc&#8230;<\/p>\n<p>&nbsp;<\/p>\n<p>Os actos mais habituais s\u00e3o as degusta\u00e7\u00f5es de productos alimentares ou bebidas assim como showrooms sectoriais (joalheira, electr\u00f3nica, constru\u00e7\u00e3o, moveis, etc.. com ou sem exposi\u00e7\u00e3o de producto).[\/vc_column_text][\/vc_column][\/vc_row]<\/p>\n","protected":false},"excerpt":{"rendered":"<p>[vc_row css_animation=&#8221;&#8221; row_type=&#8221;row&#8221; use_row_as_full_screen_section=&#8221;no&#8221; type=&#8221;full_width&#8221; angled_section=&#8221;no&#8221; text_align=&#8221;left&#8221; background_image_as_pattern=&#8221;without_pattern&#8221;][vc_column width=&#8221;1\/2&#8243;][vc_single_image image=&#8221;16141&#8243; img_size=&#8221;full&#8221; alignment=&#8221;center&#8221; qode_css_animation=&#8221;&#8221;][\/vc_column][vc_column width=&#8221;1\/2&#8243;][vc_column_text]Execu\u00e7\u00e3o das agendas de reuni\u00f5es no lugar do evento, incluindo estudos sectoriais, ac\u00e7\u00f5es de marketing e promo\u00e7\u00e3o do evento, coordena\u00e7\u00e3o e log\u00edstica integral. &nbsp; VSI pode encarregar-se do aluguer de salas e&#8230;<\/p>\n","protected":false},"author":1,"featured_media":0,"parent":0,"menu_order":0,"comment_status":"closed","ping_status":"closed","template":"","meta":[],"_links":{"self":[{"href":"https:\/\/www.vsiconsulting.net\/pt-pt\/wp-json\/wp\/v2\/pages\/16264"}],"collection":[{"href":"https:\/\/www.vsiconsulting.net\/pt-pt\/wp-json\/wp\/v2\/pages"}],"about":[{"href":"https:\/\/www.vsiconsulting.net\/pt-pt\/wp-json\/wp\/v2\/types\/page"}],"author":[{"embeddable":true,"href":"https:\/\/www.vsiconsulting.net\/pt-pt\/wp-json\/wp\/v2\/users\/1"}],"replies":[{"embeddable":true,"href":"https:\/\/www.vsiconsulting.net\/pt-pt\/wp-json\/wp\/v2\/comments?post=16264"}],"version-history":[{"count":1,"href":"https:\/\/www.vsiconsulting.net\/pt-pt\/wp-json\/wp\/v2\/pages\/16264\/revisions"}],"predecessor-version":[{"id":16342,"href":"https:\/\/www.vsiconsulting.net\/pt-pt\/wp-json\/wp\/v2\/pages\/16264\/revisions\/16342"}],"wp:attachment":[{"href":"https:\/\/www.vsiconsulting.net\/pt-pt\/wp-json\/wp\/v2\/media?parent=16264"}],"curies":[{"name":"wp","href":"https:\/\/api.w.org\/{rel}","templated":true}]}}