{"id":16261,"date":"2017-08-16T08:02:29","date_gmt":"2017-08-16T08:02:29","guid":{"rendered":"http:\/\/www.vsiconsulting.net\/misiones-inversas\/"},"modified":"2017-08-17T08:40:12","modified_gmt":"2017-08-17T08:40:12","slug":"missoes-inversas","status":"publish","type":"page","link":"https:\/\/www.vsiconsulting.net\/pt-pt\/missoes-inversas\/","title":{"rendered":"MISS\u00d5ES INVERSAS"},"content":{"rendered":"<p>[vc_row css_animation=&#8221;&#8221; row_type=&#8221;row&#8221; use_row_as_full_screen_section=&#8221;no&#8221; type=&#8221;full_width&#8221; angled_section=&#8221;no&#8221; text_align=&#8221;left&#8221; background_image_as_pattern=&#8221;without_pattern&#8221;][vc_column][vc_column_text]Prospec\u00e7\u00e3o e selec\u00e7\u00e3o de grandes compradores interessados em visitar o nosso pa\u00eds e ter reuni\u00f5es de COMPRAS com PME locais.<\/p>\n<p>&nbsp;<\/p>\n<p>Organiza\u00e7\u00e3o log\u00edstica de todos os aspectos como voos, vistos, hot\u00e9is e demais.<\/p>\n<p>Somos especialistas em v\u00e1rios sectores: industrial, agro-alimentar, tecnologia\u2026<\/p>\n<p>&nbsp;<\/p>\n<p><u><strong>Mais de 40 mercados \u00e0 sua disposi\u00e7\u00e3o.<\/strong><\/u>[\/vc_column_text][\/vc_column][\/vc_row]<\/p>\n","protected":false},"excerpt":{"rendered":"<p>[vc_row css_animation=&#8221;&#8221; row_type=&#8221;row&#8221; use_row_as_full_screen_section=&#8221;no&#8221; type=&#8221;full_width&#8221; angled_section=&#8221;no&#8221; text_align=&#8221;left&#8221; background_image_as_pattern=&#8221;without_pattern&#8221;][vc_column][vc_column_text]Prospec\u00e7\u00e3o e selec\u00e7\u00e3o de grandes compradores interessados em visitar o nosso pa\u00eds e ter reuni\u00f5es de COMPRAS com PME locais. &nbsp; Organiza\u00e7\u00e3o log\u00edstica de todos os aspectos como voos, vistos, hot\u00e9is e demais. Somos especialistas em v\u00e1rios sectores:&#8230;<\/p>\n","protected":false},"author":1,"featured_media":0,"parent":0,"menu_order":0,"comment_status":"closed","ping_status":"closed","template":"","meta":[],"_links":{"self":[{"href":"https:\/\/www.vsiconsulting.net\/pt-pt\/wp-json\/wp\/v2\/pages\/16261"}],"collection":[{"href":"https:\/\/www.vsiconsulting.net\/pt-pt\/wp-json\/wp\/v2\/pages"}],"about":[{"href":"https:\/\/www.vsiconsulting.net\/pt-pt\/wp-json\/wp\/v2\/types\/page"}],"author":[{"embeddable":true,"href":"https:\/\/www.vsiconsulting.net\/pt-pt\/wp-json\/wp\/v2\/users\/1"}],"replies":[{"embeddable":true,"href":"https:\/\/www.vsiconsulting.net\/pt-pt\/wp-json\/wp\/v2\/comments?post=16261"}],"version-history":[{"count":1,"href":"https:\/\/www.vsiconsulting.net\/pt-pt\/wp-json\/wp\/v2\/pages\/16261\/revisions"}],"predecessor-version":[{"id":16341,"href":"https:\/\/www.vsiconsulting.net\/pt-pt\/wp-json\/wp\/v2\/pages\/16261\/revisions\/16341"}],"wp:attachment":[{"href":"https:\/\/www.vsiconsulting.net\/pt-pt\/wp-json\/wp\/v2\/media?parent=16261"}],"curies":[{"name":"wp","href":"https:\/\/api.w.org\/{rel}","templated":true}]}}