{"id":16258,"date":"2017-08-16T08:02:29","date_gmt":"2017-08-16T08:02:29","guid":{"rendered":"http:\/\/www.vsiconsulting.net\/misiones-comerciales\/"},"modified":"2017-08-17T08:38:04","modified_gmt":"2017-08-17T08:38:04","slug":"missoes-comerciais","status":"publish","type":"page","link":"https:\/\/www.vsiconsulting.net\/pt-pt\/missoes-comerciais\/","title":{"rendered":"MISS\u00d5ES COMERCIAIS"},"content":{"rendered":"<p>[vc_row css_animation=&#8221;&#8221; row_type=&#8221;row&#8221; use_row_as_full_screen_section=&#8221;no&#8221; type=&#8221;full_width&#8221; angled_section=&#8221;no&#8221; text_align=&#8221;left&#8221; background_image_as_pattern=&#8221;without_pattern&#8221;][vc_column width=&#8221;1\/2&#8243;][vc_single_image image=&#8221;16136&#8243; img_size=&#8221;full&#8221; alignment=&#8221;center&#8221; qode_css_animation=&#8221;&#8221;][\/vc_column][vc_column width=&#8221;1\/2&#8243;][vc_column_text]Organiza\u00e7\u00e3o de agendas de contactos com potenciais clientes (distribuidores, importadores, grossistas, prescritores\u2026) no mercado de destino.<\/p>\n<p>&nbsp;<\/p>\n<p>As miss\u00f5es estruturam-se em 2 fases, uma primeira donde se prospecta, identifica, selecciona os potenciais clientes e se elabora um relat\u00f3rio de prospec\u00e7\u00e3o para a avalia\u00e7\u00e3o da empresa e uma segunda fase donde se contacta, filtra e elabora a agenda final com as reuni\u00f5es.<\/p>\n<p>&nbsp;<\/p>\n<p>VSI est\u00e1 ao servi\u00e7o do organismo em destino durante toda a ac\u00e7\u00e3o para apoiar no seu desenvolvimento. Tamb\u00e9m damos servi\u00e7o em temas log\u00edsticos como tradutores, t\u00e1xis, hotel, actos sociais, agendas institucionais e demais.[\/vc_column_text][\/vc_column][\/vc_row]<\/p>\n","protected":false},"excerpt":{"rendered":"<p>[vc_row css_animation=&#8221;&#8221; row_type=&#8221;row&#8221; use_row_as_full_screen_section=&#8221;no&#8221; type=&#8221;full_width&#8221; angled_section=&#8221;no&#8221; text_align=&#8221;left&#8221; background_image_as_pattern=&#8221;without_pattern&#8221;][vc_column width=&#8221;1\/2&#8243;][vc_single_image image=&#8221;16136&#8243; img_size=&#8221;full&#8221; alignment=&#8221;center&#8221; qode_css_animation=&#8221;&#8221;][\/vc_column][vc_column width=&#8221;1\/2&#8243;][vc_column_text]Organiza\u00e7\u00e3o de agendas de contactos com potenciais clientes (distribuidores, importadores, grossistas, prescritores\u2026) no mercado de destino. &nbsp; As miss\u00f5es estruturam-se em 2 fases, uma primeira donde se prospecta, identifica, selecciona os potenciais&#8230;<\/p>\n","protected":false},"author":1,"featured_media":0,"parent":0,"menu_order":0,"comment_status":"closed","ping_status":"closed","template":"","meta":[],"_links":{"self":[{"href":"https:\/\/www.vsiconsulting.net\/pt-pt\/wp-json\/wp\/v2\/pages\/16258"}],"collection":[{"href":"https:\/\/www.vsiconsulting.net\/pt-pt\/wp-json\/wp\/v2\/pages"}],"about":[{"href":"https:\/\/www.vsiconsulting.net\/pt-pt\/wp-json\/wp\/v2\/types\/page"}],"author":[{"embeddable":true,"href":"https:\/\/www.vsiconsulting.net\/pt-pt\/wp-json\/wp\/v2\/users\/1"}],"replies":[{"embeddable":true,"href":"https:\/\/www.vsiconsulting.net\/pt-pt\/wp-json\/wp\/v2\/comments?post=16258"}],"version-history":[{"count":1,"href":"https:\/\/www.vsiconsulting.net\/pt-pt\/wp-json\/wp\/v2\/pages\/16258\/revisions"}],"predecessor-version":[{"id":16340,"href":"https:\/\/www.vsiconsulting.net\/pt-pt\/wp-json\/wp\/v2\/pages\/16258\/revisions\/16340"}],"wp:attachment":[{"href":"https:\/\/www.vsiconsulting.net\/pt-pt\/wp-json\/wp\/v2\/media?parent=16258"}],"curies":[{"name":"wp","href":"https:\/\/api.w.org\/{rel}","templated":true}]}}