{"id":16255,"date":"2017-08-16T08:02:29","date_gmt":"2017-08-16T08:02:29","guid":{"rendered":"http:\/\/www.vsiconsulting.net\/inspeccion-y-evaluacion\/"},"modified":"2017-08-17T08:46:21","modified_gmt":"2017-08-17T08:46:21","slug":"inspeccao-e-avaliacao","status":"publish","type":"page","link":"https:\/\/www.vsiconsulting.net\/pt-pt\/inspeccao-e-avaliacao\/","title":{"rendered":"INSPEC\u00c7\u00c3O E AVALIA\u00c7\u00c3O"},"content":{"rendered":"<p>[vc_row css_animation=&#8221;&#8221; row_type=&#8221;row&#8221; use_row_as_full_screen_section=&#8221;no&#8221; type=&#8221;full_width&#8221; angled_section=&#8221;no&#8221; text_align=&#8221;left&#8221; background_image_as_pattern=&#8221;without_pattern&#8221;][vc_column width=&#8221;1\/2&#8243;][\/vc_column][vc_column width=&#8221;1\/2&#8243;][vc_column_text]Para os pedidos que sejam cursados e geridos pelos nossos clientes directamente com o productor Chin\u00eas, podemos oferecer um servi\u00e7o de controlo de qualidade final do producto, antes do envio ou inclusive durante a fabrica\u00e7\u00e3o, para productos que requeiram um especial seguimento e aten\u00e7\u00e3o. Os nossos servi\u00e7os garantem um correcto conte\u00fado, packing e qualidade final do producto.<\/p>\n<p>&nbsp;<\/p>\n<p>O trabalho coordenado e supervisionado pelo nosso cliente estar\u00e1 documentado com uma avalia\u00e7\u00e3o\/an\u00e1lise em base \u00e0s suas necessidades que normalmente se comp\u00f5em de um &#8220;report de qualidade&#8221; com fotos, comprova\u00e7\u00e3o de medidas, an\u00e1lise de materiais, etc\u2026isto \u00e9, pela documenta\u00e7\u00e3o necess\u00e1ria que o cliente solicite devidamente cumprimentada pelos nossos engenheiros uma vez finalizada a inspec\u00e7\u00e3o.<\/p>\n<p>A nossa equipa \u00e9 o nosso valor pelo que damos muita import\u00e2ncia \u00e0 perman\u00eancia do mesmo na organiza\u00e7\u00e3o o que nos ajuda a ter um melhor entendimento e di\u00e1logo[\/vc_column_text][\/vc_column][\/vc_row]<\/p>\n","protected":false},"excerpt":{"rendered":"<p>[vc_row css_animation=&#8221;&#8221; row_type=&#8221;row&#8221; use_row_as_full_screen_section=&#8221;no&#8221; type=&#8221;full_width&#8221; angled_section=&#8221;no&#8221; text_align=&#8221;left&#8221; background_image_as_pattern=&#8221;without_pattern&#8221;][vc_column width=&#8221;1\/2&#8243;][\/vc_column][vc_column width=&#8221;1\/2&#8243;][vc_column_text]Para os pedidos que sejam cursados e geridos pelos nossos clientes directamente com o productor Chin\u00eas, podemos oferecer um servi\u00e7o de controlo de qualidade final do producto, antes do envio ou inclusive durante a fabrica\u00e7\u00e3o, para&#8230;<\/p>\n","protected":false},"author":1,"featured_media":0,"parent":0,"menu_order":0,"comment_status":"closed","ping_status":"closed","template":"","meta":[],"_links":{"self":[{"href":"https:\/\/www.vsiconsulting.net\/pt-pt\/wp-json\/wp\/v2\/pages\/16255"}],"collection":[{"href":"https:\/\/www.vsiconsulting.net\/pt-pt\/wp-json\/wp\/v2\/pages"}],"about":[{"href":"https:\/\/www.vsiconsulting.net\/pt-pt\/wp-json\/wp\/v2\/types\/page"}],"author":[{"embeddable":true,"href":"https:\/\/www.vsiconsulting.net\/pt-pt\/wp-json\/wp\/v2\/users\/1"}],"replies":[{"embeddable":true,"href":"https:\/\/www.vsiconsulting.net\/pt-pt\/wp-json\/wp\/v2\/comments?post=16255"}],"version-history":[{"count":1,"href":"https:\/\/www.vsiconsulting.net\/pt-pt\/wp-json\/wp\/v2\/pages\/16255\/revisions"}],"predecessor-version":[{"id":16347,"href":"https:\/\/www.vsiconsulting.net\/pt-pt\/wp-json\/wp\/v2\/pages\/16255\/revisions\/16347"}],"wp:attachment":[{"href":"https:\/\/www.vsiconsulting.net\/pt-pt\/wp-json\/wp\/v2\/media?parent=16255"}],"curies":[{"name":"wp","href":"https:\/\/api.w.org\/{rel}","templated":true}]}}