{"id":16252,"date":"2017-08-16T08:02:29","date_gmt":"2017-08-16T08:02:29","guid":{"rendered":"http:\/\/www.vsiconsulting.net\/desarrollo-tecnico\/"},"modified":"2017-08-17T08:49:45","modified_gmt":"2017-08-17T08:49:45","slug":"desenvolvimento-tecnico","status":"publish","type":"page","link":"https:\/\/www.vsiconsulting.net\/pt-pt\/desenvolvimento-tecnico\/","title":{"rendered":"DESENVOLVIMENTO T\u00c9CNICO"},"content":{"rendered":"<p>[vc_row css_animation=&#8221;&#8221; row_type=&#8221;row&#8221; use_row_as_full_screen_section=&#8221;no&#8221; type=&#8221;full_width&#8221; angled_section=&#8221;no&#8221; text_align=&#8221;left&#8221; background_image_as_pattern=&#8221;without_pattern&#8221;][vc_column width=&#8221;1\/2&#8243;][vc_single_image image=&#8221;16132&#8243; img_size=&#8221;full&#8221; alignment=&#8221;center&#8221; qode_css_animation=&#8221;&#8221;][\/vc_column][vc_column width=&#8221;1\/2&#8243;][vc_column_text]Somos especialistas em desenvolvimento t\u00e9cnico de producto. Podemos desenvolver qualquer novo producto em base \u00e0s especifica\u00e7\u00f5es dos nossos clientes. Gra\u00e7as \u00e0 nossa experiencia no sector industrial e \u00e0 nossa proximidade e estreita colabora\u00e7\u00e3o com os nossos fornecedores\/f\u00e1bricas garantimos ao cliente uma informa\u00e7\u00e3o a tempo real do desenvolvimento e estado das suas pe\u00e7as.<\/p>\n<p>&nbsp;<\/p>\n<p>Os nossos servi\u00e7os incluem o apoio em productos que o cliente j\u00e1 est\u00e1 fabricando, assim como o desenvolvimento de novos productos, conseguindo assim uma diminui\u00e7\u00e3o dos seus custos e um incremento na qualidade e servi\u00e7o dos mesmos.[\/vc_column_text][\/vc_column][\/vc_row]<\/p>\n","protected":false},"excerpt":{"rendered":"<p>[vc_row css_animation=&#8221;&#8221; row_type=&#8221;row&#8221; use_row_as_full_screen_section=&#8221;no&#8221; type=&#8221;full_width&#8221; angled_section=&#8221;no&#8221; text_align=&#8221;left&#8221; background_image_as_pattern=&#8221;without_pattern&#8221;][vc_column width=&#8221;1\/2&#8243;][vc_single_image image=&#8221;16132&#8243; img_size=&#8221;full&#8221; alignment=&#8221;center&#8221; qode_css_animation=&#8221;&#8221;][\/vc_column][vc_column width=&#8221;1\/2&#8243;][vc_column_text]Somos especialistas em desenvolvimento t\u00e9cnico de producto. Podemos desenvolver qualquer novo producto em base \u00e0s especifica\u00e7\u00f5es dos nossos clientes. Gra\u00e7as \u00e0 nossa experiencia no sector industrial e \u00e0 nossa proximidade e estreita&#8230;<\/p>\n","protected":false},"author":1,"featured_media":0,"parent":0,"menu_order":0,"comment_status":"closed","ping_status":"closed","template":"","meta":[],"_links":{"self":[{"href":"https:\/\/www.vsiconsulting.net\/pt-pt\/wp-json\/wp\/v2\/pages\/16252"}],"collection":[{"href":"https:\/\/www.vsiconsulting.net\/pt-pt\/wp-json\/wp\/v2\/pages"}],"about":[{"href":"https:\/\/www.vsiconsulting.net\/pt-pt\/wp-json\/wp\/v2\/types\/page"}],"author":[{"embeddable":true,"href":"https:\/\/www.vsiconsulting.net\/pt-pt\/wp-json\/wp\/v2\/users\/1"}],"replies":[{"embeddable":true,"href":"https:\/\/www.vsiconsulting.net\/pt-pt\/wp-json\/wp\/v2\/comments?post=16252"}],"version-history":[{"count":1,"href":"https:\/\/www.vsiconsulting.net\/pt-pt\/wp-json\/wp\/v2\/pages\/16252\/revisions"}],"predecessor-version":[{"id":16350,"href":"https:\/\/www.vsiconsulting.net\/pt-pt\/wp-json\/wp\/v2\/pages\/16252\/revisions\/16350"}],"wp:attachment":[{"href":"https:\/\/www.vsiconsulting.net\/pt-pt\/wp-json\/wp\/v2\/media?parent=16252"}],"curies":[{"name":"wp","href":"https:\/\/api.w.org\/{rel}","templated":true}]}}