{"id":16245,"date":"2017-08-16T08:02:29","date_gmt":"2017-08-16T08:02:29","guid":{"rendered":"http:\/\/www.vsiconsulting.net\/compras-y-logistica\/"},"modified":"2017-08-17T08:50:33","modified_gmt":"2017-08-17T08:50:33","slug":"compras-e-logistica","status":"publish","type":"page","link":"https:\/\/www.vsiconsulting.net\/pt-pt\/compras-e-logistica\/","title":{"rendered":"COMPRAS E LOG\u00cdSTICA"},"content":{"rendered":"<p>[vc_row css_animation=&#8221;&#8221; row_type=&#8221;row&#8221; use_row_as_full_screen_section=&#8221;no&#8221; type=&#8221;full_width&#8221; angled_section=&#8221;no&#8221; text_align=&#8221;left&#8221; background_image_as_pattern=&#8221;without_pattern&#8221;][vc_column][vc_column_text]A nossa equipa do departamento de compras e log\u00edstica ajudar\u00e1 \u00e0 sua empresa a encontrar os melhores fornecedores e f\u00e1bricas assim como a organizar os seus envios desde China at\u00e9 qualquer parte do mundo. O departamento de &#8220;sourcing&#8221; comp\u00f5e-se de uma equipa din\u00e2mica e flex\u00edvel que se adaptar\u00e1 a qualquer das suas necessidades.[\/vc_column_text][\/vc_column][\/vc_row]<\/p>\n","protected":false},"excerpt":{"rendered":"<p>[vc_row css_animation=&#8221;&#8221; row_type=&#8221;row&#8221; use_row_as_full_screen_section=&#8221;no&#8221; type=&#8221;full_width&#8221; angled_section=&#8221;no&#8221; text_align=&#8221;left&#8221; background_image_as_pattern=&#8221;without_pattern&#8221;][vc_column][vc_column_text]A nossa equipa do departamento de compras e log\u00edstica ajudar\u00e1 \u00e0 sua empresa a encontrar os melhores fornecedores e f\u00e1bricas assim como a organizar os seus envios desde China at\u00e9 qualquer parte do mundo. O departamento de &#8220;sourcing&#8221;&#8230;<\/p>\n","protected":false},"author":1,"featured_media":0,"parent":0,"menu_order":0,"comment_status":"closed","ping_status":"closed","template":"","meta":[],"_links":{"self":[{"href":"https:\/\/www.vsiconsulting.net\/pt-pt\/wp-json\/wp\/v2\/pages\/16245"}],"collection":[{"href":"https:\/\/www.vsiconsulting.net\/pt-pt\/wp-json\/wp\/v2\/pages"}],"about":[{"href":"https:\/\/www.vsiconsulting.net\/pt-pt\/wp-json\/wp\/v2\/types\/page"}],"author":[{"embeddable":true,"href":"https:\/\/www.vsiconsulting.net\/pt-pt\/wp-json\/wp\/v2\/users\/1"}],"replies":[{"embeddable":true,"href":"https:\/\/www.vsiconsulting.net\/pt-pt\/wp-json\/wp\/v2\/comments?post=16245"}],"version-history":[{"count":2,"href":"https:\/\/www.vsiconsulting.net\/pt-pt\/wp-json\/wp\/v2\/pages\/16245\/revisions"}],"predecessor-version":[{"id":16351,"href":"https:\/\/www.vsiconsulting.net\/pt-pt\/wp-json\/wp\/v2\/pages\/16245\/revisions\/16351"}],"wp:attachment":[{"href":"https:\/\/www.vsiconsulting.net\/pt-pt\/wp-json\/wp\/v2\/media?parent=16245"}],"curies":[{"name":"wp","href":"https:\/\/api.w.org\/{rel}","templated":true}]}}