{"id":16239,"date":"2017-08-16T07:59:37","date_gmt":"2017-08-16T07:59:37","guid":{"rendered":"http:\/\/www.vsiconsulting.net\/implantacion\/"},"modified":"2017-08-17T08:35:00","modified_gmt":"2017-08-17T08:35:00","slug":"implantacao","status":"publish","type":"page","link":"https:\/\/www.vsiconsulting.net\/pt-pt\/implantacao\/","title":{"rendered":"IMPLANTA\u00c7\u00c3O"},"content":{"rendered":"<p>[vc_row css_animation=&#8221;&#8221; row_type=&#8221;row&#8221; use_row_as_full_screen_section=&#8221;no&#8221; type=&#8221;full_width&#8221; angled_section=&#8221;no&#8221; text_align=&#8221;left&#8221; background_image_as_pattern=&#8221;without_pattern&#8221;][vc_column width=&#8221;1\/2&#8243;][vc_single_image image=&#8221;16127&#8243; img_size=&#8221;full&#8221; alignment=&#8221;center&#8221; qode_css_animation=&#8221;&#8221;][\/vc_column][vc_column width=&#8221;1\/2&#8243;][vc_column_text]<\/p>\n<div><\/div>\n<ul>\n<li>Procura de terrenos e naves industriais.<\/li>\n<\/ul>\n<ul>\n<li>Abertura, tramita\u00e7\u00e3o e legaliza\u00e7\u00e3o de escrit\u00f3rios de representa\u00e7\u00e3o e sociedades (servi\u00e7os jur\u00eddicos).<\/li>\n<\/ul>\n<ul>\n<li>Selec\u00e7\u00e3o de pessoal<\/li>\n<\/ul>\n<ul>\n<li>Assessoria e organiza\u00e7\u00e3o cont\u00e1vel e financeira.<\/li>\n<\/ul>\n<ul>\n<li>Assist\u00eancia e servi\u00e7os integrais a pessoal expatriado.<\/li>\n<\/ul>\n<ul>\n<li>Informa\u00e7\u00e3o e assessoria em subven\u00e7\u00f5es e incentivos da administra\u00e7\u00e3o p\u00fablica local.<\/li>\n<\/ul>\n<ul>\n<li>Aquisi\u00e7\u00e3o de empresas ou joint ventures, procura de fornecedores locais, assessoramento e contacto em rela\u00e7\u00f5es com a administra\u00e7\u00e3o, obten\u00e7\u00e3o de licencias e permiss\u00f5es e demais pontos relacionados\u2026<\/li>\n<\/ul>\n<p>[\/vc_column_text][\/vc_column][\/vc_row]<\/p>\n","protected":false},"excerpt":{"rendered":"<p>[vc_row css_animation=&#8221;&#8221; row_type=&#8221;row&#8221; use_row_as_full_screen_section=&#8221;no&#8221; type=&#8221;full_width&#8221; angled_section=&#8221;no&#8221; text_align=&#8221;left&#8221; background_image_as_pattern=&#8221;without_pattern&#8221;][vc_column width=&#8221;1\/2&#8243;][vc_single_image image=&#8221;16127&#8243; img_size=&#8221;full&#8221; alignment=&#8221;center&#8221; qode_css_animation=&#8221;&#8221;][\/vc_column][vc_column width=&#8221;1\/2&#8243;][vc_column_text] Procura de terrenos e naves industriais. Abertura, tramita\u00e7\u00e3o e legaliza\u00e7\u00e3o de escrit\u00f3rios de representa\u00e7\u00e3o e sociedades (servi\u00e7os jur\u00eddicos). Selec\u00e7\u00e3o de pessoal Assessoria e organiza\u00e7\u00e3o cont\u00e1vel e financeira. Assist\u00eancia e servi\u00e7os integrais&#8230;<\/p>\n","protected":false},"author":1,"featured_media":0,"parent":0,"menu_order":0,"comment_status":"closed","ping_status":"closed","template":"","meta":[],"_links":{"self":[{"href":"https:\/\/www.vsiconsulting.net\/pt-pt\/wp-json\/wp\/v2\/pages\/16239"}],"collection":[{"href":"https:\/\/www.vsiconsulting.net\/pt-pt\/wp-json\/wp\/v2\/pages"}],"about":[{"href":"https:\/\/www.vsiconsulting.net\/pt-pt\/wp-json\/wp\/v2\/types\/page"}],"author":[{"embeddable":true,"href":"https:\/\/www.vsiconsulting.net\/pt-pt\/wp-json\/wp\/v2\/users\/1"}],"replies":[{"embeddable":true,"href":"https:\/\/www.vsiconsulting.net\/pt-pt\/wp-json\/wp\/v2\/comments?post=16239"}],"version-history":[{"count":1,"href":"https:\/\/www.vsiconsulting.net\/pt-pt\/wp-json\/wp\/v2\/pages\/16239\/revisions"}],"predecessor-version":[{"id":16337,"href":"https:\/\/www.vsiconsulting.net\/pt-pt\/wp-json\/wp\/v2\/pages\/16239\/revisions\/16337"}],"wp:attachment":[{"href":"https:\/\/www.vsiconsulting.net\/pt-pt\/wp-json\/wp\/v2\/media?parent=16239"}],"curies":[{"name":"wp","href":"https:\/\/api.w.org\/{rel}","templated":true}]}}