{"id":16236,"date":"2017-08-16T07:59:05","date_gmt":"2017-08-16T07:59:05","guid":{"rendered":"http:\/\/www.vsiconsulting.net\/subcontratacion\/"},"modified":"2017-08-17T13:49:36","modified_gmt":"2017-08-17T13:49:36","slug":"subcontratacao","status":"publish","type":"page","link":"https:\/\/www.vsiconsulting.net\/pt-pt\/subcontratacao\/","title":{"rendered":"SUBCONTRATA\u00c7\u00c3O\u00a0"},"content":{"rendered":"<p>[vc_row css_animation=&#8221;&#8221; row_type=&#8221;row&#8221; use_row_as_full_screen_section=&#8221;no&#8221; type=&#8221;full_width&#8221; angled_section=&#8221;no&#8221; text_align=&#8221;left&#8221; background_image_as_pattern=&#8221;without_pattern&#8221;][vc_column width=&#8221;1\/2&#8243;][vc_single_image image=&#8221;16123&#8243; img_size=&#8221;full&#8221; alignment=&#8221;center&#8221; qode_css_animation=&#8221;&#8221;][\/vc_column][vc_column width=&#8221;1\/2&#8243;][vc_column_text]<\/p>\n<ul>\n<li>Prospec\u00e7\u00e3o, selec\u00e7\u00e3o e proposta de colaboradores e s\u00f3cios productivos.<\/li>\n<li>Procura e avalia\u00e7\u00e3o das empresas mais adequadas \u00e0s suas necessidades.<\/li>\n<li>Organiza\u00e7\u00e3o de miss\u00f5es com agenda de entrevistas de acordo \u00e0s necessidades de subcontrata\u00e7\u00e3o e\/ou compra da sua empresa. Acompanhamento e assessoria antes e durante a viagem.<\/li>\n<li>Organiza\u00e7\u00e3o da rede de fornecimentos permanente com procura de novas op\u00e7\u00f5es mais rent\u00e1veis para a sua empresa.<\/li>\n<li>Seguimento, controlo da produ\u00e7\u00e3o e verifica\u00e7\u00e3o de envios.<\/li>\n<\/ul>\n<p>&nbsp;<\/p>\n<p><strong>PA\u00cdSES MAIS HABITUAIS<\/strong>: Marrocos, Turquia, Tun\u00edsia, Egipto, China, Coreia, \u00cdndia[\/vc_column_text][\/vc_column][\/vc_row]<\/p>\n","protected":false},"excerpt":{"rendered":"<p>[vc_row css_animation=&#8221;&#8221; row_type=&#8221;row&#8221; use_row_as_full_screen_section=&#8221;no&#8221; type=&#8221;full_width&#8221; angled_section=&#8221;no&#8221; text_align=&#8221;left&#8221; background_image_as_pattern=&#8221;without_pattern&#8221;][vc_column width=&#8221;1\/2&#8243;][vc_single_image image=&#8221;16123&#8243; img_size=&#8221;full&#8221; alignment=&#8221;center&#8221; qode_css_animation=&#8221;&#8221;][\/vc_column][vc_column width=&#8221;1\/2&#8243;][vc_column_text] Prospec\u00e7\u00e3o, selec\u00e7\u00e3o e proposta de colaboradores e s\u00f3cios productivos. Procura e avalia\u00e7\u00e3o das empresas mais adequadas \u00e0s suas necessidades. Organiza\u00e7\u00e3o de miss\u00f5es com agenda de entrevistas de acordo \u00e0s necessidades de&#8230;<\/p>\n","protected":false},"author":1,"featured_media":0,"parent":0,"menu_order":0,"comment_status":"closed","ping_status":"closed","template":"","meta":[],"_links":{"self":[{"href":"https:\/\/www.vsiconsulting.net\/pt-pt\/wp-json\/wp\/v2\/pages\/16236"}],"collection":[{"href":"https:\/\/www.vsiconsulting.net\/pt-pt\/wp-json\/wp\/v2\/pages"}],"about":[{"href":"https:\/\/www.vsiconsulting.net\/pt-pt\/wp-json\/wp\/v2\/types\/page"}],"author":[{"embeddable":true,"href":"https:\/\/www.vsiconsulting.net\/pt-pt\/wp-json\/wp\/v2\/users\/1"}],"replies":[{"embeddable":true,"href":"https:\/\/www.vsiconsulting.net\/pt-pt\/wp-json\/wp\/v2\/comments?post=16236"}],"version-history":[{"count":2,"href":"https:\/\/www.vsiconsulting.net\/pt-pt\/wp-json\/wp\/v2\/pages\/16236\/revisions"}],"predecessor-version":[{"id":16567,"href":"https:\/\/www.vsiconsulting.net\/pt-pt\/wp-json\/wp\/v2\/pages\/16236\/revisions\/16567"}],"wp:attachment":[{"href":"https:\/\/www.vsiconsulting.net\/pt-pt\/wp-json\/wp\/v2\/media?parent=16236"}],"curies":[{"name":"wp","href":"https:\/\/api.w.org\/{rel}","templated":true}]}}