{"id":16233,"date":"2017-08-16T07:51:36","date_gmt":"2017-08-16T07:51:36","guid":{"rendered":"http:\/\/www.vsiconsulting.net\/export-manager\/"},"modified":"2017-08-17T08:33:36","modified_gmt":"2017-08-17T08:33:36","slug":"export-manager","status":"publish","type":"page","link":"https:\/\/www.vsiconsulting.net\/pt-pt\/export-manager\/","title":{"rendered":"Export Manager"},"content":{"rendered":"<p>[vc_row css_animation=&#8221;&#8221; row_type=&#8221;row&#8221; use_row_as_full_screen_section=&#8221;no&#8221; type=&#8221;full_width&#8221; angled_section=&#8221;no&#8221; text_align=&#8221;left&#8221; background_image_as_pattern=&#8221;without_pattern&#8221;][vc_column width=&#8221;1\/2&#8243;][vc_single_image image=&#8221;16120&#8243; img_size=&#8221;full&#8221; alignment=&#8221;center&#8221; qode_css_animation=&#8221;&#8221;][\/vc_column][vc_column width=&#8221;1\/2&#8243;][vc_column_text]VSI Consulting oferece uma experimentada equipa de Export Managers a tempo parcial para as empresas que desejam internacionalizar-se ou expandir os seus mercados actuais. Em muitas ocasi\u00f5es, a empresa j\u00e1 tem uma pessoa dedicada que por falta de tempo n\u00e3o pode abarcar novos mercados&#8230;em outras as empresas querem come\u00e7ar a vender no exterior mas n\u00e3o disp\u00f5em de recursos suficientes para investir no custo de uma pessoa a tempo completo e com provada experiencia, por custes de sal\u00e1rio principalmente.<\/p>\n<p>&nbsp;<\/p>\n<p><strong>VANTAGENS PARA A SUA EMPRESA<\/strong><\/p>\n<p>&nbsp;<\/p>\n<ul>\n<li>Evita a contrata\u00e7\u00e3o a tempo inteiro de uma pessoa e as despesas salariais derivadas.<\/li>\n<li>VSI atribui um Export Manager com AMPLA experiencia, para a abertura de novos mercados internacionais.<\/li>\n<li>Contrato mercantil entre VSI e a sua empresa. Os custos se reduzem um 60%.<\/li>\n<li>Al\u00e9m disso, o Export Manager disp\u00f5e da ampla rede de delega\u00e7\u00f5es de VSI no mundo, para apoiar-se na consecu\u00e7\u00e3o dos objectivos<\/li>\n<\/ul>\n<p>&nbsp;<\/p>\n<p><strong>MAIS RAPIDEZ, MAI EFECTIVIDADE, MAIS SEGURAN\u00c7A<\/strong>[\/vc_column_text][\/vc_column][\/vc_row]<\/p>\n","protected":false},"excerpt":{"rendered":"<p>[vc_row css_animation=&#8221;&#8221; row_type=&#8221;row&#8221; use_row_as_full_screen_section=&#8221;no&#8221; type=&#8221;full_width&#8221; angled_section=&#8221;no&#8221; text_align=&#8221;left&#8221; background_image_as_pattern=&#8221;without_pattern&#8221;][vc_column width=&#8221;1\/2&#8243;][vc_single_image image=&#8221;16120&#8243; img_size=&#8221;full&#8221; alignment=&#8221;center&#8221; qode_css_animation=&#8221;&#8221;][\/vc_column][vc_column width=&#8221;1\/2&#8243;][vc_column_text]VSI Consulting oferece uma experimentada equipa de Export Managers a tempo parcial para as empresas que desejam internacionalizar-se ou expandir os seus mercados actuais. Em muitas ocasi\u00f5es, a empresa j\u00e1 tem uma&#8230;<\/p>\n","protected":false},"author":1,"featured_media":0,"parent":0,"menu_order":0,"comment_status":"closed","ping_status":"closed","template":"","meta":[],"_links":{"self":[{"href":"https:\/\/www.vsiconsulting.net\/pt-pt\/wp-json\/wp\/v2\/pages\/16233"}],"collection":[{"href":"https:\/\/www.vsiconsulting.net\/pt-pt\/wp-json\/wp\/v2\/pages"}],"about":[{"href":"https:\/\/www.vsiconsulting.net\/pt-pt\/wp-json\/wp\/v2\/types\/page"}],"author":[{"embeddable":true,"href":"https:\/\/www.vsiconsulting.net\/pt-pt\/wp-json\/wp\/v2\/users\/1"}],"replies":[{"embeddable":true,"href":"https:\/\/www.vsiconsulting.net\/pt-pt\/wp-json\/wp\/v2\/comments?post=16233"}],"version-history":[{"count":1,"href":"https:\/\/www.vsiconsulting.net\/pt-pt\/wp-json\/wp\/v2\/pages\/16233\/revisions"}],"predecessor-version":[{"id":16336,"href":"https:\/\/www.vsiconsulting.net\/pt-pt\/wp-json\/wp\/v2\/pages\/16233\/revisions\/16336"}],"wp:attachment":[{"href":"https:\/\/www.vsiconsulting.net\/pt-pt\/wp-json\/wp\/v2\/media?parent=16233"}],"curies":[{"name":"wp","href":"https:\/\/api.w.org\/{rel}","templated":true}]}}