{"id":16220,"date":"2017-08-16T07:51:12","date_gmt":"2017-08-16T07:51:12","guid":{"rendered":"http:\/\/www.vsiconsulting.net\/pmd\/"},"modified":"2017-08-17T13:48:26","modified_gmt":"2017-08-17T13:48:26","slug":"pmd","status":"publish","type":"page","link":"https:\/\/www.vsiconsulting.net\/pt-pt\/pmd\/","title":{"rendered":"PROGRAMA DE MARKETING DIGITAL"},"content":{"rendered":"<p>[vc_row css_animation=&#8221;&#8221; row_type=&#8221;row&#8221; use_row_as_full_screen_section=&#8221;no&#8221; type=&#8221;full_width&#8221; angled_section=&#8221;no&#8221; text_align=&#8221;left&#8221; background_image_as_pattern=&#8221;without_pattern&#8221; css=&#8221;.vc_custom_1502977703150{margin-bottom: 30px !important;}&#8221;][vc_column width=&#8221;1\/2&#8243;][vc_single_image image=&#8221;16114&#8243; img_size=&#8221;full&#8221; alignment=&#8221;center&#8221; qode_css_animation=&#8221;&#8221;][vc_empty_space][vc_single_image image=&#8221;16115&#8243; img_size=&#8221;full&#8221; alignment=&#8221;center&#8221; qode_css_animation=&#8221;&#8221;][\/vc_column][vc_column width=&#8221;1\/2&#8243;][vc_column_text]Existem numerosas oportunidades de neg\u00f3cio para a PME exportadora atrav\u00e9s do marketing digital. A VSI Consulting oferece aos seus clientes a elabora\u00e7\u00e3o e desenvolvimento de Planos de Marketing Digitais Internacionais de \u00eaxito.<\/p>\n<p>&nbsp;<\/p>\n<p><strong>O qu\u00ea fazemos para a sua empresa?<\/strong><\/p>\n<p>&nbsp;<\/p>\n<p>Para cada pa\u00eds destino desenvolveremos as seguintes fases:<\/p>\n<p>&nbsp;<\/p>\n<ul>\n<li><strong>FASE 1:<\/strong>\u00a0Plano de buscadores (SEO \u2013 SEM): identificaremos as palavras-chave atrav\u00e9s das quais poderemos provocar aterrizagens de poss\u00edveis novos clientes \u00e0 p\u00e1gina Web.<\/li>\n<\/ul>\n<ul>\n<li><strong>FASE 2<\/strong>: Plano de redes sociais: uma presen\u00e7a ativa em redes sociais permitira-nos quer captar novos clientes quer fidelizar os existentes. Desenvolveremos um plano de a\u00e7\u00e3o em detalhe para redes B2B (LinkedIn, Xing) e em B2C (Facebook, Twitter, YouTube, etc.)<\/li>\n<\/ul>\n<ul>\n<li><strong>FASE 3<\/strong>: Plano de com\u00e9rcio eletr\u00f3nico: existe uma explos\u00e3o de crescimento de vendas eletr\u00f3nicas a n\u00edvel internacional e desde a VSI Consulting ajudaremos a otimizar este canal. Desenvolvemos n\u00e3o s\u00f3 as 4 P&#8217;s de marketing (Produto, Pre\u00e7o, Promo\u00e7\u00e3o, &#8220;Place&#8221;) assim como um plano de a\u00e7\u00e3o de &#8220;market places&#8221; ou de mailing, tudo o que for necess\u00e1rio para gerar vendas e repeti\u00e7\u00e3o de compra.<\/li>\n<\/ul>\n<p>&nbsp;<\/p>\n<p><strong>Como o fazemos?<\/strong><\/p>\n<p>&nbsp;<\/p>\n<p>Cada uma das tr\u00eas fases desenvolve-se ao longo de um m\u00eas de trabalho, com reuni\u00f5es de entrega de resultados cada duas semanas. O PMD ser\u00e1 desenvolvido por profissionais com 20 anos de experi\u00eancia em marketing digital internacional em empresas exportadoras como Chupa Chups, Perfumes Puig e mais de 200 PME.<\/p>\n<p>&nbsp;<\/p>\n<p><strong>Outros servi\u00e7os: A VSI Consulting oferece tamb\u00e9m:<\/strong><\/p>\n<p>&nbsp;<\/p>\n<ul>\n<li>Desenvolvimento de p\u00e1ginas Web e aplica\u00e7\u00f5es para telem\u00f3veis (Apps)<\/li>\n<li>Lan\u00e7amento de campanhas de mailing<\/li>\n<li>Cria\u00e7\u00e3o de identidade corporativa, v\u00eddeos, etc.<\/li>\n<\/ul>\n<p>[\/vc_column_text][\/vc_column][\/vc_row]<\/p>\n","protected":false},"excerpt":{"rendered":"<p>[vc_row css_animation=&#8221;&#8221; row_type=&#8221;row&#8221; use_row_as_full_screen_section=&#8221;no&#8221; type=&#8221;full_width&#8221; angled_section=&#8221;no&#8221; text_align=&#8221;left&#8221; background_image_as_pattern=&#8221;without_pattern&#8221; css=&#8221;.vc_custom_1502977703150{margin-bottom: 30px !important;}&#8221;][vc_column width=&#8221;1\/2&#8243;][vc_single_image image=&#8221;16114&#8243; img_size=&#8221;full&#8221; alignment=&#8221;center&#8221; qode_css_animation=&#8221;&#8221;][vc_empty_space][vc_single_image image=&#8221;16115&#8243; img_size=&#8221;full&#8221; alignment=&#8221;center&#8221; qode_css_animation=&#8221;&#8221;][\/vc_column][vc_column width=&#8221;1\/2&#8243;][vc_column_text]Existem numerosas oportunidades de neg\u00f3cio para a PME exportadora atrav\u00e9s do marketing digital. A VSI Consulting oferece aos seus clientes a elabora\u00e7\u00e3o e desenvolvimento de&#8230;<\/p>\n","protected":false},"author":1,"featured_media":0,"parent":0,"menu_order":0,"comment_status":"closed","ping_status":"closed","template":"","meta":[],"_links":{"self":[{"href":"https:\/\/www.vsiconsulting.net\/pt-pt\/wp-json\/wp\/v2\/pages\/16220"}],"collection":[{"href":"https:\/\/www.vsiconsulting.net\/pt-pt\/wp-json\/wp\/v2\/pages"}],"about":[{"href":"https:\/\/www.vsiconsulting.net\/pt-pt\/wp-json\/wp\/v2\/types\/page"}],"author":[{"embeddable":true,"href":"https:\/\/www.vsiconsulting.net\/pt-pt\/wp-json\/wp\/v2\/users\/1"}],"replies":[{"embeddable":true,"href":"https:\/\/www.vsiconsulting.net\/pt-pt\/wp-json\/wp\/v2\/comments?post=16220"}],"version-history":[{"count":4,"href":"https:\/\/www.vsiconsulting.net\/pt-pt\/wp-json\/wp\/v2\/pages\/16220\/revisions"}],"predecessor-version":[{"id":16566,"href":"https:\/\/www.vsiconsulting.net\/pt-pt\/wp-json\/wp\/v2\/pages\/16220\/revisions\/16566"}],"wp:attachment":[{"href":"https:\/\/www.vsiconsulting.net\/pt-pt\/wp-json\/wp\/v2\/media?parent=16220"}],"curies":[{"name":"wp","href":"https:\/\/api.w.org\/{rel}","templated":true}]}}