{"id":16217,"date":"2017-08-16T07:51:03","date_gmt":"2017-08-16T07:51:03","guid":{"rendered":"http:\/\/www.vsiconsulting.net\/pai\/"},"modified":"2017-08-17T08:29:38","modified_gmt":"2017-08-17T08:29:38","slug":"pai","status":"publish","type":"page","link":"https:\/\/www.vsiconsulting.net\/pt-pt\/pai\/","title":{"rendered":"PROGRAMA ANUAL INTERNACIONALIZA\u00c7\u00c3O\u00a0"},"content":{"rendered":"<p>[vc_row css_animation=&#8221;&#8221; row_type=&#8221;row&#8221; use_row_as_full_screen_section=&#8221;no&#8221; type=&#8221;full_width&#8221; angled_section=&#8221;no&#8221; text_align=&#8221;left&#8221; background_image_as_pattern=&#8221;without_pattern&#8221;][vc_column width=&#8221;1\/2&#8243;][vc_single_image image=&#8221;16110&#8243; img_size=&#8221;full&#8221; alignment=&#8221;center&#8221; qode_css_animation=&#8221;&#8221;][\/vc_column][vc_column width=&#8221;1\/2&#8243;][vc_column_text]VSI Consulting desenvolve planos globais anuais, quer para um mercado espec\u00edfico quer para uma combina\u00e7\u00e3o de diversos pa\u00edses.<br \/>\nDurante o per\u00edodo de trabalho, VSI actua como o seu escrit\u00f3rio em destino, realizando todas aquelas fun\u00e7\u00f5es que a sua empresa necessite, tais como obten\u00e7\u00e3o de informa\u00e7\u00e3o do mercado e da concorr\u00eancia, an\u00e1lise de situa\u00e7\u00e3o, prospec\u00e7\u00e3o e procura de potenciais clientes e distribuidores, envio de informa\u00e7\u00e3o da sua empresa, reuni\u00f5es de apresenta\u00e7\u00e3o da sua oferta, gest\u00e3o de pedidos, tr\u00e2mites legais e poss\u00edveis certifica\u00e7\u00f5es, prepara\u00e7\u00e3o de viagens ao mercado e agendas de reuni\u00f5es, tradu\u00e7\u00f5es, assessoramento legal, administrativo, comercial, etc..<\/p>\n<p>&nbsp;<\/p>\n<p>Isto \u00e9, somos o seu escrit\u00f3rio no pa\u00eds. A sua empresa disp\u00f5e de um Country Manager em DESTINO para gerir o mercado de maneira permanente.<\/p>\n<p>Esta f\u00f3rmula permite uma importante poupan\u00e7a para a empresa e uma posi\u00e7\u00e3o vantajosa, ao passar imediatamente de n\u00e3o conhecer um mercado a estar pressente FISICAMENTE para atender a potencial procura existente, com pessoal NATIVO do pa\u00eds, falando espanhol, o que facilita as comunica\u00e7\u00f5es com a sua empresa.[\/vc_column_text][\/vc_column][\/vc_row]<\/p>\n","protected":false},"excerpt":{"rendered":"<p>[vc_row css_animation=&#8221;&#8221; row_type=&#8221;row&#8221; use_row_as_full_screen_section=&#8221;no&#8221; type=&#8221;full_width&#8221; angled_section=&#8221;no&#8221; text_align=&#8221;left&#8221; background_image_as_pattern=&#8221;without_pattern&#8221;][vc_column width=&#8221;1\/2&#8243;][vc_single_image image=&#8221;16110&#8243; img_size=&#8221;full&#8221; alignment=&#8221;center&#8221; qode_css_animation=&#8221;&#8221;][\/vc_column][vc_column width=&#8221;1\/2&#8243;][vc_column_text]VSI Consulting desenvolve planos globais anuais, quer para um mercado espec\u00edfico quer para uma combina\u00e7\u00e3o de diversos pa\u00edses. Durante o per\u00edodo de trabalho, VSI actua como o seu escrit\u00f3rio em destino, realizando&#8230;<\/p>\n","protected":false},"author":1,"featured_media":0,"parent":0,"menu_order":0,"comment_status":"closed","ping_status":"closed","template":"","meta":[],"_links":{"self":[{"href":"https:\/\/www.vsiconsulting.net\/pt-pt\/wp-json\/wp\/v2\/pages\/16217"}],"collection":[{"href":"https:\/\/www.vsiconsulting.net\/pt-pt\/wp-json\/wp\/v2\/pages"}],"about":[{"href":"https:\/\/www.vsiconsulting.net\/pt-pt\/wp-json\/wp\/v2\/types\/page"}],"author":[{"embeddable":true,"href":"https:\/\/www.vsiconsulting.net\/pt-pt\/wp-json\/wp\/v2\/users\/1"}],"replies":[{"embeddable":true,"href":"https:\/\/www.vsiconsulting.net\/pt-pt\/wp-json\/wp\/v2\/comments?post=16217"}],"version-history":[{"count":1,"href":"https:\/\/www.vsiconsulting.net\/pt-pt\/wp-json\/wp\/v2\/pages\/16217\/revisions"}],"predecessor-version":[{"id":16333,"href":"https:\/\/www.vsiconsulting.net\/pt-pt\/wp-json\/wp\/v2\/pages\/16217\/revisions\/16333"}],"wp:attachment":[{"href":"https:\/\/www.vsiconsulting.net\/pt-pt\/wp-json\/wp\/v2\/media?parent=16217"}],"curies":[{"name":"wp","href":"https:\/\/api.w.org\/{rel}","templated":true}]}}