{"id":16213,"date":"2017-08-16T07:50:53","date_gmt":"2017-08-16T07:50:53","guid":{"rendered":"http:\/\/www.vsiconsulting.net\/pmi\/"},"modified":"2026-02-26T15:12:25","modified_gmt":"2026-02-26T15:12:25","slug":"pmi","status":"publish","type":"page","link":"https:\/\/www.vsiconsulting.net\/pt-pt\/pmi\/","title":{"rendered":"PENETRA\u00c7\u00c3O MERCADOS INTERNACIONAIS\u00a0"},"content":{"rendered":"<p>[vc_row css_animation=&#8221;&#8221; row_type=&#8221;row&#8221; use_row_as_full_screen_section=&#8221;no&#8221; type=&#8221;full_width&#8221; angled_section=&#8221;no&#8221; text_align=&#8221;left&#8221; background_image_as_pattern=&#8221;without_pattern&#8221; css=&#8221;.vc_custom_1502977575806{margin-bottom: 30px !important;}&#8221;][vc_column width=&#8221;1\/2&#8243;][vc_single_image image=&#8221;17559&#8243; img_size=&#8221;full&#8221; alignment=&#8221;center&#8221; qode_css_animation=&#8221;&#8221;][vc_column_text]<\/p>\n<h3 style=\"text-align: center;\"><em>An\u00e1lisis y prospecci\u00f3n<\/em><\/h3>\n<h3 style=\"text-align: center;\"><\/h3>\n<h3 style=\"text-align: center;\"><\/h3>\n<h3 style=\"text-align: center;\"><em>Viaje y cierre de acuerdos<\/em><\/h3>\n<p>[\/vc_column_text][\/vc_column][vc_column width=&#8221;1\/2&#8243;][vc_column_text]O programa PMI est\u00e1 pensado para PME com desejos de penetrar em mercados internacionais de uma maneira r\u00e1pida e eficaz. O programa pode-se denominar &#8220;low cost&#8221; j\u00e1 que o custo \u00e9 muito assum\u00edvel para qualquer pequena empresa e o ROI \u00e9 quase imediato.<\/p>\n<p>&nbsp;<\/p>\n<p>Trata-se de um programa adaptado a cada empresa, donde o trabalho se faz de forma individualizada e sob tutela da pr\u00f3pria empresa quem marca e decide em todo momento os tempos de trabalho.<\/p>\n<p>&nbsp;<\/p>\n<p>&nbsp;<\/p>\n<p><strong>FASE 1: AN\u00c1LISE E PROSPEC\u00c7\u00c3O\u00a0<\/strong><\/p>\n<p>&nbsp;<\/p>\n<p>Nesta fase, analisa-se a sua empresa, productos e pre\u00e7os, canais de distribui\u00e7\u00e3o poss\u00edveis e marketing necess\u00e1rio. Com a informa\u00e7\u00e3o obtida faz-se a prospec\u00e7\u00e3o do mercado para encontrar as melhores op\u00e7\u00f5es para a sua empresa. Prepara-se um amplo relat\u00f3rio contendo informa\u00e7\u00e3o do mercado assim como listagem avaliada de potenciais partners no pa\u00eds, para que o cliente valide a informa\u00e7\u00e3o e passar \u00e0 fase 2.<\/p>\n<p>&nbsp;<\/p>\n<p>&nbsp;<\/p>\n<p><strong>FASE 2: IDENTIFICA\u00c7\u00c3O E SELEC\u00c7\u00c3O\u00a0<\/strong><\/p>\n<p>&nbsp;<\/p>\n<p>Os pr\u00f3ximos dias dedicam-se a contactar os potenciais clientes \/ distribuidores. Realizam-se contactos e apresentam-se os seus productos. Analisam-se as empresas e se seleccionam as mais adequadas de acordo ao potencial e interesse para a sua empresa.<\/p>\n<p>&nbsp;<\/p>\n<p>&nbsp;<\/p>\n<p><strong>FASE 3: VIAGEM e ACORDOS COMERCIAIS\u00a0<\/strong><\/p>\n<p>&nbsp;<\/p>\n<p>Uma vez realizada a selec\u00e7\u00e3o prepara-se uma agenda de entrevistas no pa\u00eds, donde a empresa viaja para reunir com as contrapartes locais interessadas em desenvolver neg\u00f3cios conjuntos e sempre com o suporte em destino da nossa delega\u00e7\u00e3o.[\/vc_column_text][\/vc_column][\/vc_row]<\/p>\n","protected":false},"excerpt":{"rendered":"<p>[vc_row css_animation=&#8221;&#8221; row_type=&#8221;row&#8221; use_row_as_full_screen_section=&#8221;no&#8221; type=&#8221;full_width&#8221; angled_section=&#8221;no&#8221; text_align=&#8221;left&#8221; background_image_as_pattern=&#8221;without_pattern&#8221; css=&#8221;.vc_custom_1502977575806{margin-bottom: 30px !important;}&#8221;][vc_column width=&#8221;1\/2&#8243;][vc_single_image image=&#8221;17559&#8243; img_size=&#8221;full&#8221; alignment=&#8221;center&#8221; qode_css_animation=&#8221;&#8221;][vc_column_text] An\u00e1lisis y prospecci\u00f3n Viaje y cierre de acuerdos [\/vc_column_text][\/vc_column][vc_column width=&#8221;1\/2&#8243;][vc_column_text]O programa PMI est\u00e1 pensado para PME com desejos de penetrar em mercados internacionais de uma maneira r\u00e1pida e eficaz&#8230;.<\/p>\n","protected":false},"author":1,"featured_media":0,"parent":0,"menu_order":0,"comment_status":"closed","ping_status":"closed","template":"","meta":[],"_links":{"self":[{"href":"https:\/\/www.vsiconsulting.net\/pt-pt\/wp-json\/wp\/v2\/pages\/16213"}],"collection":[{"href":"https:\/\/www.vsiconsulting.net\/pt-pt\/wp-json\/wp\/v2\/pages"}],"about":[{"href":"https:\/\/www.vsiconsulting.net\/pt-pt\/wp-json\/wp\/v2\/types\/page"}],"author":[{"embeddable":true,"href":"https:\/\/www.vsiconsulting.net\/pt-pt\/wp-json\/wp\/v2\/users\/1"}],"replies":[{"embeddable":true,"href":"https:\/\/www.vsiconsulting.net\/pt-pt\/wp-json\/wp\/v2\/comments?post=16213"}],"version-history":[{"count":3,"href":"https:\/\/www.vsiconsulting.net\/pt-pt\/wp-json\/wp\/v2\/pages\/16213\/revisions"}],"predecessor-version":[{"id":18556,"href":"https:\/\/www.vsiconsulting.net\/pt-pt\/wp-json\/wp\/v2\/pages\/16213\/revisions\/18556"}],"wp:attachment":[{"href":"https:\/\/www.vsiconsulting.net\/pt-pt\/wp-json\/wp\/v2\/media?parent=16213"}],"curies":[{"name":"wp","href":"https:\/\/api.w.org\/{rel}","templated":true}]}}