{"id":16204,"date":"2017-08-16T07:49:20","date_gmt":"2017-08-16T07:49:20","guid":{"rendered":"http:\/\/www.vsiconsulting.net\/vsi-food-wines-consulting\/"},"modified":"2017-08-17T13:22:12","modified_gmt":"2017-08-17T13:22:12","slug":"vsi-food-wines-consulting","status":"publish","type":"page","link":"https:\/\/www.vsiconsulting.net\/pt-pt\/vsi-food-wines-consulting\/","title":{"rendered":"VSI Food &#038; Wines Consulting"},"content":{"rendered":"<p>[vc_row css_animation=&#8221;&#8221; row_type=&#8221;row&#8221; use_row_as_full_screen_section=&#8221;no&#8221; type=&#8221;full_width&#8221; angled_section=&#8221;no&#8221; text_align=&#8221;left&#8221; background_image_as_pattern=&#8221;without_pattern&#8221;][vc_column width=&#8221;1\/2&#8243;][vc_single_image image=&#8221;16097&#8243; img_size=&#8221;full&#8221; alignment=&#8221;center&#8221; qode_css_animation=&#8221;&#8221;][vc_empty_space height=&#8221;52px&#8221;][vc_column_text]<\/p>\n<h3 style=\"text-align: center;\"><a href=\"http:\/\/www.vsiconsulting.net\/wp-content\/uploads\/2017\/08\/VSI-Informa-junio-2014-food-wines-special.pdf\">DESCARGA NEWSLETTER SPECIAL FOOD &amp; WINES<\/a><\/h3>\n<p>[\/vc_column_text][vc_empty_space height=&#8221;52px&#8221;][vc_column_text]<\/p>\n<h3 style=\"text-align: center;\"><a href=\"http:\/\/www.vsiconsulting.net\/wp-content\/uploads\/2017\/08\/FOODDRINKS-ALEMANIA.pdf\">PRESENTACI\u00d3N FOOD&amp;WINES ALEMANIA<\/a><\/h3>\n<p>[\/vc_column_text][\/vc_column][vc_column width=&#8221;1\/2&#8243;][vc_column_text]VSI Food Consulting \u00e9 a \u00e1rea especializada no sector agro-alimentar e bebidas.<\/p>\n<p>VSI mant\u00eam excelentes rela\u00e7\u00f5es com numerosos importadores \/ distribuidores do sector, ap\u00f3s as ac\u00e7\u00f5es de promo\u00e7\u00e3o que temos vindo a realizar nos diferentes pa\u00edses para institui\u00e7\u00f5es espanholas.<\/p>\n<p>VSI oferece diferentes programas de promo\u00e7\u00e3o \u00e0s ind\u00fastrias do sector para abordar os mercados internacionais de forma muito econ\u00f3mica.<\/p>\n<p>&nbsp;<\/p>\n<p>Durante os \u00faltimos 5 anos temos trabalhado para infinidade de empresas do sector: vinho, presunto, azeite, frutas, verduras, queijos, snacks, frutos secos, licores, sobremesas, carnes e peixes, conservas e molhos, etc\u2026<\/p>\n<p>&nbsp;<\/p>\n<p>Somos colaboradores de reconhecidas feiras nacionais do sector onde trazemos importadores internacionais, temos realizado numerosas miss\u00f5es comerciais a v\u00e1rios pa\u00edses, showrooms especializados, promo\u00e7\u00f5es ponto de venda\u2026[\/vc_column_text][vc_empty_space][\/vc_column][\/vc_row]<\/p>\n","protected":false},"excerpt":{"rendered":"<p>[vc_row css_animation=&#8221;&#8221; row_type=&#8221;row&#8221; use_row_as_full_screen_section=&#8221;no&#8221; type=&#8221;full_width&#8221; angled_section=&#8221;no&#8221; text_align=&#8221;left&#8221; background_image_as_pattern=&#8221;without_pattern&#8221;][vc_column width=&#8221;1\/2&#8243;][vc_single_image image=&#8221;16097&#8243; img_size=&#8221;full&#8221; alignment=&#8221;center&#8221; qode_css_animation=&#8221;&#8221;][vc_empty_space height=&#8221;52px&#8221;][vc_column_text] DESCARGA NEWSLETTER SPECIAL FOOD &amp; WINES [\/vc_column_text][vc_empty_space height=&#8221;52px&#8221;][vc_column_text] PRESENTACI\u00d3N FOOD&amp;WINES ALEMANIA [\/vc_column_text][\/vc_column][vc_column width=&#8221;1\/2&#8243;][vc_column_text]VSI Food Consulting \u00e9 a \u00e1rea especializada no sector agro-alimentar e bebidas. VSI mant\u00eam excelentes rela\u00e7\u00f5es com numerosos importadores&#8230;<\/p>\n","protected":false},"author":1,"featured_media":0,"parent":0,"menu_order":0,"comment_status":"closed","ping_status":"closed","template":"","meta":[],"_links":{"self":[{"href":"https:\/\/www.vsiconsulting.net\/pt-pt\/wp-json\/wp\/v2\/pages\/16204"}],"collection":[{"href":"https:\/\/www.vsiconsulting.net\/pt-pt\/wp-json\/wp\/v2\/pages"}],"about":[{"href":"https:\/\/www.vsiconsulting.net\/pt-pt\/wp-json\/wp\/v2\/types\/page"}],"author":[{"embeddable":true,"href":"https:\/\/www.vsiconsulting.net\/pt-pt\/wp-json\/wp\/v2\/users\/1"}],"replies":[{"embeddable":true,"href":"https:\/\/www.vsiconsulting.net\/pt-pt\/wp-json\/wp\/v2\/comments?post=16204"}],"version-history":[{"count":2,"href":"https:\/\/www.vsiconsulting.net\/pt-pt\/wp-json\/wp\/v2\/pages\/16204\/revisions"}],"predecessor-version":[{"id":16552,"href":"https:\/\/www.vsiconsulting.net\/pt-pt\/wp-json\/wp\/v2\/pages\/16204\/revisions\/16552"}],"wp:attachment":[{"href":"https:\/\/www.vsiconsulting.net\/pt-pt\/wp-json\/wp\/v2\/media?parent=16204"}],"curies":[{"name":"wp","href":"https:\/\/api.w.org\/{rel}","templated":true}]}}