{"id":16196,"date":"2017-08-16T07:48:46","date_gmt":"2017-08-16T07:48:46","guid":{"rendered":"http:\/\/www.vsiconsulting.net\/vsi-en-el-mundo\/"},"modified":"2026-02-26T13:41:56","modified_gmt":"2026-02-26T13:41:56","slug":"vsi-no-mundo","status":"publish","type":"page","link":"https:\/\/www.vsiconsulting.net\/pt-pt\/vsi-no-mundo\/","title":{"rendered":"VSI no mundo"},"content":{"rendered":"<p>[vc_row css_animation=&#8221;&#8221; row_type=&#8221;row&#8221; use_row_as_full_screen_section=&#8221;no&#8221; type=&#8221;full_width&#8221; angled_section=&#8221;no&#8221; text_align=&#8221;left&#8221; background_image_as_pattern=&#8221;without_pattern&#8221;][vc_column][vc_column_text]VSI Consulting \u00e9 a consultora espanhola especializada em internacionaliza\u00e7\u00e3o com a maior rede de delega\u00e7\u00f5es no exterior. Temos cerca de 100 profissionais trabalhando em mais de 50 pa\u00edses, \u00e0 sua disposi\u00e7\u00e3o.<\/p>\n<p>&nbsp;<\/p>\n<p>Todos os projectos realizam-se no DESTINO, pelos nossos profissionais, com amplos conhecimentos do mercado e os seus canais de comercializa\u00e7\u00e3o.[\/vc_column_text][\/vc_column][\/vc_row][vc_row css_animation=&#8221;&#8221; row_type=&#8221;row&#8221; use_row_as_full_screen_section=&#8221;no&#8221; type=&#8221;full_width&#8221; angled_section=&#8221;no&#8221; text_align=&#8221;left&#8221; background_image_as_pattern=&#8221;without_pattern&#8221;][vc_column width=&#8221;1\/2&#8243;][vc_column_text]<\/p>\n<h2 style=\"text-align: center;\"><strong>EUROPA<\/strong><\/h2>\n<p style=\"text-align: center;\">Alemanha, \u00c1ustria, B\u00e1ltico, Benelux, Rep\u00fablica Checa\/Eslov\u00e1quia, Cro\u00e1cia, Dinamarca,\u00a0Fran\u00e7a, Gr\u00e9cia, Hungr\u00eda, Irlanda, It\u00e1lia, Noruega, Pol\u00f3nia, Portugal, Reino Unido, Rom\u00e9nia,\u00a0R\u00fassia, S\u00e9rvia, Su\u00e9cia e Ucr\u00e2nia<\/p>\n<p>[\/vc_column_text][\/vc_column][vc_column width=&#8221;1\/2&#8243;][vc_column_text]<\/p>\n<h2 align=\"center\"><strong>\u00c1FRICA E ORIENTE M\u00c9DIO<\/strong><\/h2>\n<p>&nbsp;<\/p>\n<p style=\"text-align: center;\">Angola, Arg\u00e9lia, Botswana, Egito, Emirados \u00c1rabes Unidos, Gana, Israel, Jord\u00e2nia, Kuwait, Marrocos, Mo\u00e7ambique, Nig\u00e9ria, Om\u00e3, Catar, Senegal, S\u00edria, \u00c1frica do Sul e Tun\u00edsia<\/p>\n<p>[\/vc_column_text][\/vc_column][\/vc_row][vc_row css_animation=&#8221;&#8221; row_type=&#8221;row&#8221; use_row_as_full_screen_section=&#8221;no&#8221; type=&#8221;full_width&#8221; angled_section=&#8221;no&#8221; text_align=&#8221;left&#8221; background_image_as_pattern=&#8221;without_pattern&#8221;][vc_column width=&#8221;1\/2&#8243;][vc_column_text]<\/p>\n<h2 style=\"text-align: center;\"><b>AM\u00c9RICA<\/b><\/h2>\n<p style=\"text-align: center;\">Argentina, Bol\u00edvia, Brasil, Canad\u00e1, Cuba, Chile,\u00a0Col\u00f4mbia, Estados Unidos, Rep\u00fablica Dominicana, M\u00e9xico, Peru, Uruguai.<\/p>\n<p>[\/vc_column_text][\/vc_column][vc_column width=&#8221;1\/2&#8243;][vc_column_text]<\/p>\n<h2 align=\"center\"><strong>ASIA<\/strong><\/h2>\n<div class=\"portlet-layout\">\n<div id=\"column-3\" class=\"aui-w50 portlet-column portlet-column-last\">\n<div id=\"layout-column_column-3\" class=\"portlet-dropzone portlet-column-content portlet-column-content-last\">\n<div id=\"p_p_id_56_INSTANCE_7PWR8iWjINUz_\" class=\"portlet-boundary portlet-boundary_56_ portlet-static portlet-static-end portlet-borderless portlet-journal-content \">\n<div class=\"portlet-body\">\n<div class=\"portlet-borderless-container\">\n<div class=\"portlet-body\">\n<div id=\"article_234856_234882_266680_2.2\" class=\"journal-content-article\">\n<p style=\"text-align: center;\">Azerbaij\u00e3o, China, Cor\u00e9ia do Sul, \u00cdndia, Jap\u00e3o, Mal\u00e1sia, Singapura, Tail\u00e2ndia, Turquia.<\/p>\n<\/div>\n<div class=\"entry-links\"><\/div>\n<\/div>\n<\/div>\n<\/div>\n<\/div>\n<\/div>\n<\/div>\n<\/div>\n<div class=\"portlet-layout\"><\/div>\n<p>[\/vc_column_text][\/vc_column][\/vc_row][vc_row css_animation=&#8221;&#8221; row_type=&#8221;row&#8221; use_row_as_full_screen_section=&#8221;no&#8221; type=&#8221;full_width&#8221; angled_section=&#8221;no&#8221; text_align=&#8221;left&#8221; background_image_as_pattern=&#8221;without_pattern&#8221;][vc_column][vc_gallery type=&#8221;image_grid&#8221; images=&#8221;17476,17482,17506,17541,17544,17547&#8243; column_number=&#8221;6&#8243; grayscale=&#8221;no&#8221; images_space=&#8221;gallery_without_space&#8221;][\/vc_column][\/vc_row]<\/p>\n","protected":false},"excerpt":{"rendered":"<p>[vc_row css_animation=&#8221;&#8221; row_type=&#8221;row&#8221; use_row_as_full_screen_section=&#8221;no&#8221; type=&#8221;full_width&#8221; angled_section=&#8221;no&#8221; text_align=&#8221;left&#8221; background_image_as_pattern=&#8221;without_pattern&#8221;][vc_column][vc_column_text]VSI Consulting \u00e9 a consultora espanhola especializada em internacionaliza\u00e7\u00e3o com a maior rede de delega\u00e7\u00f5es no exterior. Temos cerca de 100 profissionais trabalhando em mais de 50 pa\u00edses, \u00e0 sua disposi\u00e7\u00e3o. &nbsp; Todos os projectos realizam-se no DESTINO,&#8230;<\/p>\n","protected":false},"author":1,"featured_media":0,"parent":0,"menu_order":0,"comment_status":"closed","ping_status":"closed","template":"","meta":[],"_links":{"self":[{"href":"https:\/\/www.vsiconsulting.net\/pt-pt\/wp-json\/wp\/v2\/pages\/16196"}],"collection":[{"href":"https:\/\/www.vsiconsulting.net\/pt-pt\/wp-json\/wp\/v2\/pages"}],"about":[{"href":"https:\/\/www.vsiconsulting.net\/pt-pt\/wp-json\/wp\/v2\/types\/page"}],"author":[{"embeddable":true,"href":"https:\/\/www.vsiconsulting.net\/pt-pt\/wp-json\/wp\/v2\/users\/1"}],"replies":[{"embeddable":true,"href":"https:\/\/www.vsiconsulting.net\/pt-pt\/wp-json\/wp\/v2\/comments?post=16196"}],"version-history":[{"count":5,"href":"https:\/\/www.vsiconsulting.net\/pt-pt\/wp-json\/wp\/v2\/pages\/16196\/revisions"}],"predecessor-version":[{"id":18541,"href":"https:\/\/www.vsiconsulting.net\/pt-pt\/wp-json\/wp\/v2\/pages\/16196\/revisions\/18541"}],"wp:attachment":[{"href":"https:\/\/www.vsiconsulting.net\/pt-pt\/wp-json\/wp\/v2\/media?parent=16196"}],"curies":[{"name":"wp","href":"https:\/\/api.w.org\/{rel}","templated":true}]}}