{"id":16193,"date":"2017-08-16T07:48:29","date_gmt":"2017-08-16T07:48:29","guid":{"rendered":"http:\/\/www.vsiconsulting.net\/acerca-de-nosotros\/"},"modified":"2017-08-17T08:19:00","modified_gmt":"2017-08-17T08:19:00","slug":"acerca-de-nos","status":"publish","type":"page","link":"https:\/\/www.vsiconsulting.net\/pt-pt\/acerca-de-nos\/","title":{"rendered":"ACERCA DE N\u00d3S"},"content":{"rendered":"<p>[vc_row css_animation=&#8221;&#8221; row_type=&#8221;row&#8221; use_row_as_full_screen_section=&#8221;no&#8221; type=&#8221;full_width&#8221; angled_section=&#8221;no&#8221; text_align=&#8221;left&#8221; background_image_as_pattern=&#8221;without_pattern&#8221;][vc_column width=&#8221;1\/2&#8243;][vc_single_image image=&#8221;15977&#8243; img_size=&#8221;large&#8221; alignment=&#8221;center&#8221; qode_css_animation=&#8221;&#8221; title=&#8221;Oficinas VSI Consulting Barcelona&#8221;][vc_single_image image=&#8221;15978&#8243; img_size=&#8221;full&#8221; alignment=&#8221;center&#8221; qode_css_animation=&#8221;&#8221;][\/vc_column][vc_column width=&#8221;1\/2&#8243;][vc_column_text]VSI Consulting nasce no ano 2005 como resposta \u00e0s necessidades da empresa espanhola e das entidades dedicadas \u00e0 promo\u00e7\u00e3o externa empresarial, de contar com partners fi\u00e1veis, profissionais, com experi\u00eancia e capacitados para desenvolver com \u00eaxito projectos nos mercados internacionais, sem surpresas de \u00faltima hora e garantindo sempre de antem\u00e3o os resultados.<\/p>\n<p>&nbsp;<\/p>\n<p>VSI trasladou-se h\u00e1 j\u00e1 dois anos a um movo escrit\u00f3rio m\u00e1s amplio (90 m2) na localidade de Cerdanyola del Valles, a t\u00e3o s\u00f3 14 quil\u00f3metros de Barcelona, cidade Universit\u00e1ria e sede do Parque Tecnol\u00f3gico do Valles e do acelerador de part\u00edculas SINCROTRON.<\/p>\n<p>&nbsp;<\/p>\n<p>VSI conta com 12 pessoas em Espanha e mais de 100 em 45 mercados internacionais.<\/p>\n<p>VSI conta com a confian\u00e7a de numerosos organismos espanh\u00f3is e internacionais para dar apoio nas suas actividades e servi\u00e7os de promo\u00e7\u00e3o internacional, como C\u00e2maras de Comercio, Associa\u00e7\u00f5es Empresariais, Gr\u00e9mios e Patronais e inclusive Organismos Auton\u00f3micos de promo\u00e7\u00e3o Regional.<\/p>\n<p>Por outro lado, VSI desenvolve anualmente de media mais de 100 projectos individuais para empresas de n\u00e3o s\u00f3 Espanha, se n\u00e3o tamb\u00e9m Portugal, Turquia, Eslov\u00e9nia, Alemanha, It\u00e1lia, Pol\u00f3nia\u2026<\/p>\n<p>&nbsp;<\/p>\n<p>Em VSI estamos comprometidos com o nosso projecto, com o nosso trabalho di\u00e1rio e com o desenvolvimento internacional da nossa ind\u00fastria. Queremos contribuir ao crescimento da PME.[\/vc_column_text][\/vc_column][\/vc_row]<\/p>\n","protected":false},"excerpt":{"rendered":"<p>[vc_row css_animation=&#8221;&#8221; row_type=&#8221;row&#8221; use_row_as_full_screen_section=&#8221;no&#8221; type=&#8221;full_width&#8221; angled_section=&#8221;no&#8221; text_align=&#8221;left&#8221; background_image_as_pattern=&#8221;without_pattern&#8221;][vc_column width=&#8221;1\/2&#8243;][vc_single_image image=&#8221;15977&#8243; img_size=&#8221;large&#8221; alignment=&#8221;center&#8221; qode_css_animation=&#8221;&#8221; title=&#8221;Oficinas VSI Consulting Barcelona&#8221;][vc_single_image image=&#8221;15978&#8243; img_size=&#8221;full&#8221; alignment=&#8221;center&#8221; qode_css_animation=&#8221;&#8221;][\/vc_column][vc_column width=&#8221;1\/2&#8243;][vc_column_text]VSI Consulting nasce no ano 2005 como resposta \u00e0s necessidades da empresa espanhola e das entidades dedicadas \u00e0 promo\u00e7\u00e3o externa empresarial, de contar com&#8230;<\/p>\n","protected":false},"author":1,"featured_media":0,"parent":0,"menu_order":0,"comment_status":"closed","ping_status":"closed","template":"","meta":[],"_links":{"self":[{"href":"https:\/\/www.vsiconsulting.net\/pt-pt\/wp-json\/wp\/v2\/pages\/16193"}],"collection":[{"href":"https:\/\/www.vsiconsulting.net\/pt-pt\/wp-json\/wp\/v2\/pages"}],"about":[{"href":"https:\/\/www.vsiconsulting.net\/pt-pt\/wp-json\/wp\/v2\/types\/page"}],"author":[{"embeddable":true,"href":"https:\/\/www.vsiconsulting.net\/pt-pt\/wp-json\/wp\/v2\/users\/1"}],"replies":[{"embeddable":true,"href":"https:\/\/www.vsiconsulting.net\/pt-pt\/wp-json\/wp\/v2\/comments?post=16193"}],"version-history":[{"count":1,"href":"https:\/\/www.vsiconsulting.net\/pt-pt\/wp-json\/wp\/v2\/pages\/16193\/revisions"}],"predecessor-version":[{"id":16303,"href":"https:\/\/www.vsiconsulting.net\/pt-pt\/wp-json\/wp\/v2\/pages\/16193\/revisions\/16303"}],"wp:attachment":[{"href":"https:\/\/www.vsiconsulting.net\/pt-pt\/wp-json\/wp\/v2\/media?parent=16193"}],"curies":[{"name":"wp","href":"https:\/\/api.w.org\/{rel}","templated":true}]}}