{"id":16945,"date":"2017-08-16T07:49:20","date_gmt":"2017-08-16T07:49:20","guid":{"rendered":"http:\/\/www.vsiconsulting.net\/vsi-food-wines-consulting\/"},"modified":"2018-03-26T06:34:28","modified_gmt":"2018-03-26T06:34:28","slug":"vsi-food-wines-consulting","status":"publish","type":"page","link":"https:\/\/www.vsiconsulting.net\/fr\/vsi-food-wines-consulting\/","title":{"rendered":"VSI FOOD &#038; WINES CONSULTING"},"content":{"rendered":"<p>[vc_row css_animation=&#8221;&#8221; row_type=&#8221;row&#8221; use_row_as_full_screen_section=&#8221;no&#8221; type=&#8221;full_width&#8221; angled_section=&#8221;no&#8221; text_align=&#8221;left&#8221; background_image_as_pattern=&#8221;without_pattern&#8221;][vc_column width=&#8221;1\/2&#8243;][vc_single_image image=&#8221;16097&#8243; img_size=&#8221;full&#8221; alignment=&#8221;center&#8221; qode_css_animation=&#8221;&#8221;][vc_empty_space height=&#8221;52px&#8221;][vc_column_text]<\/p>\n<h2 style=\"text-align: center; font-size: 17px; text-transform: uppercase;\"><a href=\"http:\/\/www.vsiconsulting.net\/wp-content\/uploads\/2017\/08\/VSI-Informa-junio-2014-food-wines-special.pdf\">Descarga newsletter special food &amp; wines<\/a><\/h2>\n<p>[\/vc_column_text][vc_empty_space height=&#8221;52px&#8221;][vc_column_text]<\/p>\n<h2 style=\"text-align: center; font-size: 17px; text-transform: uppercase;\"><a href=\"http:\/\/www.vsiconsulting.net\/wp-content\/uploads\/2017\/08\/VSI-Informa-junio-2014-food-wines-special.pdf\">Presentaci\u00f3n food &amp; wines Alemania<\/a><\/h2>\n<p>[\/vc_column_text][\/vc_column][vc_column width=&#8221;1\/2&#8243;][vc_column_text]VSI Food Consulting es el sector especializado en el sector de alimentos y bebidas.<\/p>\n<p>VSI mantiene excelentes relaciones con muchos importadores \/ distribuidores del sector, gracias a las acciones de promoci\u00f3n que hemos llevado a cabo en diferentes pa\u00edses para las instituciones espa\u00f1olas.<\/p>\n<p>VSI ofrece varios programas de promoci\u00f3n a las industrias del sector para acercarse a los mercados internacionales de una manera muy econ\u00f3mica.<\/p>\n<p>Durante los \u00faltimos 5 a\u00f1os, hemos trabajado para innumerables empresas del sector: vino, jam\u00f3n, aceite, frutas, verduras, quesos, snacks, nueces, licores, postres, carnes y pescados, conservas y salsas, etc.<\/p>\n<p>Somos colaboradores de reconocidas ferias nacionales en el sector donde traemos importadores internacionales, hemos desarrollado numerosas misiones comerciales en varios pa\u00edses, showrooms especializados, promociones en puntos de venta &#8230;<\/p>\n<p>&nbsp;<\/p>\n<p>ALEMANIA<\/p>\n<p>Nos especializamos en el sector de la alimentaci\u00f3n y el vino en el mercado alem\u00e1n, donde ofrecemos una serie de servicios muy interesantes para nuestros clientes. Para obtener m\u00e1s informaci\u00f3n sobre nuestros servicios en este mercado, puede descargar nuestra presentaci\u00f3n de Food &amp; Wines Germany en el siguiente enlace:[\/vc_column_text][vc_empty_space][\/vc_column][\/vc_row]<\/p>\n","protected":false},"excerpt":{"rendered":"<p>[vc_row css_animation=&#8221;&#8221; row_type=&#8221;row&#8221; use_row_as_full_screen_section=&#8221;no&#8221; type=&#8221;full_width&#8221; angled_section=&#8221;no&#8221; text_align=&#8221;left&#8221; background_image_as_pattern=&#8221;without_pattern&#8221;][vc_column width=&#8221;1\/2&#8243;][vc_single_image image=&#8221;16097&#8243; img_size=&#8221;full&#8221; alignment=&#8221;center&#8221; qode_css_animation=&#8221;&#8221;][vc_empty_space height=&#8221;52px&#8221;][vc_column_text] Descarga newsletter special food &amp; wines [\/vc_column_text][vc_empty_space height=&#8221;52px&#8221;][vc_column_text] Presentaci\u00f3n food &amp; wines Alemania [\/vc_column_text][\/vc_column][vc_column width=&#8221;1\/2&#8243;][vc_column_text]VSI Food Consulting es el sector especializado en el sector de alimentos y bebidas. VSI mantiene excelentes&#8230;<\/p>\n","protected":false},"author":1,"featured_media":0,"parent":0,"menu_order":0,"comment_status":"closed","ping_status":"closed","template":"","meta":[],"_links":{"self":[{"href":"https:\/\/www.vsiconsulting.net\/fr\/wp-json\/wp\/v2\/pages\/16945"}],"collection":[{"href":"https:\/\/www.vsiconsulting.net\/fr\/wp-json\/wp\/v2\/pages"}],"about":[{"href":"https:\/\/www.vsiconsulting.net\/fr\/wp-json\/wp\/v2\/types\/page"}],"author":[{"embeddable":true,"href":"https:\/\/www.vsiconsulting.net\/fr\/wp-json\/wp\/v2\/users\/1"}],"replies":[{"embeddable":true,"href":"https:\/\/www.vsiconsulting.net\/fr\/wp-json\/wp\/v2\/comments?post=16945"}],"version-history":[{"count":2,"href":"https:\/\/www.vsiconsulting.net\/fr\/wp-json\/wp\/v2\/pages\/16945\/revisions"}],"predecessor-version":[{"id":17028,"href":"https:\/\/www.vsiconsulting.net\/fr\/wp-json\/wp\/v2\/pages\/16945\/revisions\/17028"}],"wp:attachment":[{"href":"https:\/\/www.vsiconsulting.net\/fr\/wp-json\/wp\/v2\/media?parent=16945"}],"curies":[{"name":"wp","href":"https:\/\/api.w.org\/{rel}","templated":true}]}}