{"id":16746,"date":"2017-08-16T08:02:29","date_gmt":"2017-08-16T08:02:29","guid":{"rendered":"http:\/\/www.vsiconsulting.net\/desarrollo-tecnico\/"},"modified":"2017-12-21T10:24:16","modified_gmt":"2017-12-21T10:24:16","slug":"desarrollo-tecnico","status":"publish","type":"page","link":"https:\/\/www.vsiconsulting.net\/fr\/desarrollo-tecnico\/","title":{"rendered":"DEVELOPPEMENT TECHNIQUE"},"content":{"rendered":"<p>[vc_row css_animation=&#8221;&#8221; row_type=&#8221;row&#8221; use_row_as_full_screen_section=&#8221;no&#8221; type=&#8221;full_width&#8221; angled_section=&#8221;no&#8221; text_align=&#8221;left&#8221; background_image_as_pattern=&#8221;without_pattern&#8221;][vc_column width=&#8221;1\/2&#8243;][vc_single_image image=&#8221;16132&#8243; img_size=&#8221;full&#8221; alignment=&#8221;center&#8221; qode_css_animation=&#8221;&#8221;][\/vc_column][vc_column width=&#8221;1\/2&#8243;][vc_column_text]Nous sommes sp\u00e9cialistes du d\u00e9veloppement de produits techniques. Nous pouvons d\u00e9velopper tout nouveau produit bas\u00e9 sur les sp\u00e9cifications de nos clients. Gr\u00e2ce \u00e0 notre exp\u00e9rience dans le secteur industriel et \u00e0 notre proximit\u00e9 et collaboration \u00e9troite avec nos fournisseurs \/ usines, nous assurons au client une information en temps r\u00e9el sur le d\u00e9veloppement et l&#8217;\u00e9tat de ses pi\u00e8ces.<\/p>\n<p>Nos services incluent le support dans les produits que le client fabrique d\u00e9j\u00e0, ainsi que le d\u00e9veloppement de nouveaux produits, r\u00e9alisant ainsi une r\u00e9duction de leurs co\u00fbts et une augmentation de la qualit\u00e9 et du service de eux.[\/vc_column_text][\/vc_column][\/vc_row]<\/p>\n","protected":false},"excerpt":{"rendered":"<p>[vc_row css_animation=&#8221;&#8221; row_type=&#8221;row&#8221; use_row_as_full_screen_section=&#8221;no&#8221; type=&#8221;full_width&#8221; angled_section=&#8221;no&#8221; text_align=&#8221;left&#8221; background_image_as_pattern=&#8221;without_pattern&#8221;][vc_column width=&#8221;1\/2&#8243;][vc_single_image image=&#8221;16132&#8243; img_size=&#8221;full&#8221; alignment=&#8221;center&#8221; qode_css_animation=&#8221;&#8221;][\/vc_column][vc_column width=&#8221;1\/2&#8243;][vc_column_text]Nous sommes sp\u00e9cialistes du d\u00e9veloppement de produits techniques. Nous pouvons d\u00e9velopper tout nouveau produit bas\u00e9 sur les sp\u00e9cifications de nos clients. Gr\u00e2ce \u00e0 notre exp\u00e9rience dans le secteur industriel et \u00e0 notre&#8230;<\/p>\n","protected":false},"author":1,"featured_media":0,"parent":0,"menu_order":0,"comment_status":"closed","ping_status":"closed","template":"","meta":[],"_links":{"self":[{"href":"https:\/\/www.vsiconsulting.net\/fr\/wp-json\/wp\/v2\/pages\/16746"}],"collection":[{"href":"https:\/\/www.vsiconsulting.net\/fr\/wp-json\/wp\/v2\/pages"}],"about":[{"href":"https:\/\/www.vsiconsulting.net\/fr\/wp-json\/wp\/v2\/types\/page"}],"author":[{"embeddable":true,"href":"https:\/\/www.vsiconsulting.net\/fr\/wp-json\/wp\/v2\/users\/1"}],"replies":[{"embeddable":true,"href":"https:\/\/www.vsiconsulting.net\/fr\/wp-json\/wp\/v2\/comments?post=16746"}],"version-history":[{"count":2,"href":"https:\/\/www.vsiconsulting.net\/fr\/wp-json\/wp\/v2\/pages\/16746\/revisions"}],"predecessor-version":[{"id":17011,"href":"https:\/\/www.vsiconsulting.net\/fr\/wp-json\/wp\/v2\/pages\/16746\/revisions\/17011"}],"wp:attachment":[{"href":"https:\/\/www.vsiconsulting.net\/fr\/wp-json\/wp\/v2\/media?parent=16746"}],"curies":[{"name":"wp","href":"https:\/\/api.w.org\/{rel}","templated":true}]}}