{"id":16705,"date":"2017-08-16T08:02:29","date_gmt":"2017-08-16T08:02:29","guid":{"rendered":"http:\/\/www.vsiconsulting.net\/show-cooking\/"},"modified":"2017-12-21T09:59:16","modified_gmt":"2017-12-21T09:59:16","slug":"show-cooking","status":"publish","type":"page","link":"https:\/\/www.vsiconsulting.net\/fr\/show-cooking\/","title":{"rendered":"Show Cooking"},"content":{"rendered":"<p>[vc_row css_animation=&#8221;&#8221; row_type=&#8221;row&#8221; use_row_as_full_screen_section=&#8221;no&#8221; type=&#8221;full_width&#8221; angled_section=&#8221;no&#8221; text_align=&#8221;left&#8221; background_image_as_pattern=&#8221;without_pattern&#8221;][vc_column width=&#8221;1\/2&#8243;][vc_column_text]<\/p>\n<p style=\"text-align: center;\"><em>Sergio Moraleda, VSI COnsulting General Manager, and\u00a0<\/em><\/p>\n<p style=\"text-align: center;\"><em>Ozdemir Fikret,\u00a0<\/em><em>Executive Head Chief of<\/em><\/p>\n<p style=\"text-align: center;\"><em>Radisson\u00a0<\/em><em>Blu Hotels and President of the Chefs Association of Turkey.<\/em><\/p>\n<p>[\/vc_column_text][\/vc_column][vc_column width=&#8221;1\/2&#8243;][vc_column_text]VSI organise des d\u00e9monstrations sur diff\u00e9rents march\u00e9s internationaux. Il est bas\u00e9 sur l&#8217;organisation d&#8217;un espace avec un \u00e9chantillon de produits alimentaires et de boissons et en m\u00eame temps un chef local prestigieux cuisine une vari\u00e9t\u00e9 de plats en utilisant les produits des entreprises participantes.<\/p>\n<p>&nbsp;<\/p>\n<p>Parall\u00e8lement \u00e0 cela, les importateurs, distributeurs, cha\u00eenes de magasins gastronomiques, la cha\u00eene Horeca, les journalistes sp\u00e9cialis\u00e9s qui visitent l&#8217;\u00e9v\u00e9nement, go\u00fbter les plats et rencontrer les producteurs sont convoqu\u00e9s.<\/p>\n<p>&nbsp;<\/p>\n<p>L&#8217;ensemble de l&#8217;\u00e9v\u00e9nement est accompagn\u00e9 d&#8217;une importante campagne de communication pour capter l&#8217;int\u00e9r\u00eat du secteur.<\/p>\n<p>[\/vc_column_text][\/vc_column][\/vc_row]<\/p>\n","protected":false},"excerpt":{"rendered":"<p>[vc_row css_animation=&#8221;&#8221; row_type=&#8221;row&#8221; use_row_as_full_screen_section=&#8221;no&#8221; type=&#8221;full_width&#8221; angled_section=&#8221;no&#8221; text_align=&#8221;left&#8221; background_image_as_pattern=&#8221;without_pattern&#8221;][vc_column width=&#8221;1\/2&#8243;][vc_column_text] Sergio Moraleda, VSI COnsulting General Manager, and\u00a0 Ozdemir Fikret,\u00a0Executive Head Chief of Radisson\u00a0Blu Hotels and President of the Chefs Association of Turkey. [\/vc_column_text][\/vc_column][vc_column width=&#8221;1\/2&#8243;][vc_column_text]VSI organise des d\u00e9monstrations sur diff\u00e9rents march\u00e9s internationaux. Il est bas\u00e9 sur l&#8217;organisation&#8230;<\/p>\n","protected":false},"author":1,"featured_media":0,"parent":0,"menu_order":0,"comment_status":"closed","ping_status":"closed","template":"","meta":[],"_links":{"self":[{"href":"https:\/\/www.vsiconsulting.net\/fr\/wp-json\/wp\/v2\/pages\/16705"}],"collection":[{"href":"https:\/\/www.vsiconsulting.net\/fr\/wp-json\/wp\/v2\/pages"}],"about":[{"href":"https:\/\/www.vsiconsulting.net\/fr\/wp-json\/wp\/v2\/types\/page"}],"author":[{"embeddable":true,"href":"https:\/\/www.vsiconsulting.net\/fr\/wp-json\/wp\/v2\/users\/1"}],"replies":[{"embeddable":true,"href":"https:\/\/www.vsiconsulting.net\/fr\/wp-json\/wp\/v2\/comments?post=16705"}],"version-history":[{"count":1,"href":"https:\/\/www.vsiconsulting.net\/fr\/wp-json\/wp\/v2\/pages\/16705\/revisions"}],"predecessor-version":[{"id":16740,"href":"https:\/\/www.vsiconsulting.net\/fr\/wp-json\/wp\/v2\/pages\/16705\/revisions\/16740"}],"wp:attachment":[{"href":"https:\/\/www.vsiconsulting.net\/fr\/wp-json\/wp\/v2\/media?parent=16705"}],"curies":[{"name":"wp","href":"https:\/\/api.w.org\/{rel}","templated":true}]}}