{"id":16704,"date":"2017-08-16T08:02:29","date_gmt":"2017-08-16T08:02:29","guid":{"rendered":"http:\/\/www.vsiconsulting.net\/shells-point-promotion\/"},"modified":"2017-12-21T10:00:47","modified_gmt":"2017-12-21T10:00:47","slug":"shells-point-promotion","status":"publish","type":"page","link":"https:\/\/www.vsiconsulting.net\/fr\/shells-point-promotion\/","title":{"rendered":"PROMOTION EN POINT DE VENTE"},"content":{"rendered":"<p>[vc_row css_animation=&#8221;&#8221; row_type=&#8221;row&#8221; use_row_as_full_screen_section=&#8221;no&#8221; type=&#8221;full_width&#8221; angled_section=&#8221;no&#8221; text_align=&#8221;left&#8221; background_image_as_pattern=&#8221;without_pattern&#8221;][vc_column width=&#8221;1\/2&#8243;][vc_single_image image=&#8221;16145&#8243; img_size=&#8221;full&#8221; alignment=&#8221;center&#8221; qode_css_animation=&#8221;&#8221;][\/vc_column][vc_column width=&#8221;1\/2&#8243;][vc_column_text]VSI entretient des relations avec d&#8217;importantes cha\u00eenes de magasins dans diff\u00e9rents pays. Les promotions au point de vente constituent une excellente arme promotionnelle pour p\u00e9n\u00e9trer un march\u00e9. Au cours d&#8217;une p\u00e9riode, la cha\u00eene fait la promotion des produits des entreprises participantes dans ses points de vente s\u00e9lectionn\u00e9s, valorisant la marque et suscitant l&#8217;int\u00e9r\u00eat du consommateur local.<\/p>\n<p>&nbsp;<\/p>\n<p>De la promotion, la cha\u00eene locale peut surveiller quels produits ont eu le plus grand rendement et signer un accord avec le producteur pour la distribution.<\/p>\n<p>&nbsp;<\/p>\n<p>Les promotions peuvent \u00eatre simples ou plus complexes et ajouter des \u00e9l\u00e9ments en fonction des besoins du client ou du budget, de la promotion au catalogue, en passant par les stands de d\u00e9gustation, \u00e0 la campagne sp\u00e9ciale sur le site de la cha\u00eene, aux lignes, au merchandising, etc.[\/vc_column_text][vc_empty_space][vc_column_text]<\/p>\n<h3 style=\"text-align: center;\"><a href=\"http:\/\/www.vsiconsulting.net\/wp-content\/uploads\/2017\/08\/FOODDRINKS-ALEMANIA-.pdf\">CLICK FOR PRESENTATION FOODS&amp;DRINKS IN GERMANY<\/a><\/h3>\n<p>[\/vc_column_text][\/vc_column][\/vc_row]<\/p>\n","protected":false},"excerpt":{"rendered":"<p>[vc_row css_animation=&#8221;&#8221; row_type=&#8221;row&#8221; use_row_as_full_screen_section=&#8221;no&#8221; type=&#8221;full_width&#8221; angled_section=&#8221;no&#8221; text_align=&#8221;left&#8221; background_image_as_pattern=&#8221;without_pattern&#8221;][vc_column width=&#8221;1\/2&#8243;][vc_single_image image=&#8221;16145&#8243; img_size=&#8221;full&#8221; alignment=&#8221;center&#8221; qode_css_animation=&#8221;&#8221;][\/vc_column][vc_column width=&#8221;1\/2&#8243;][vc_column_text]VSI entretient des relations avec d&#8217;importantes cha\u00eenes de magasins dans diff\u00e9rents pays. Les promotions au point de vente constituent une excellente arme promotionnelle pour p\u00e9n\u00e9trer un march\u00e9. Au cours d&#8217;une p\u00e9riode, la&#8230;<\/p>\n","protected":false},"author":1,"featured_media":0,"parent":0,"menu_order":0,"comment_status":"closed","ping_status":"closed","template":"","meta":[],"_links":{"self":[{"href":"https:\/\/www.vsiconsulting.net\/fr\/wp-json\/wp\/v2\/pages\/16704"}],"collection":[{"href":"https:\/\/www.vsiconsulting.net\/fr\/wp-json\/wp\/v2\/pages"}],"about":[{"href":"https:\/\/www.vsiconsulting.net\/fr\/wp-json\/wp\/v2\/types\/page"}],"author":[{"embeddable":true,"href":"https:\/\/www.vsiconsulting.net\/fr\/wp-json\/wp\/v2\/users\/1"}],"replies":[{"embeddable":true,"href":"https:\/\/www.vsiconsulting.net\/fr\/wp-json\/wp\/v2\/comments?post=16704"}],"version-history":[{"count":1,"href":"https:\/\/www.vsiconsulting.net\/fr\/wp-json\/wp\/v2\/pages\/16704\/revisions"}],"predecessor-version":[{"id":16741,"href":"https:\/\/www.vsiconsulting.net\/fr\/wp-json\/wp\/v2\/pages\/16704\/revisions\/16741"}],"wp:attachment":[{"href":"https:\/\/www.vsiconsulting.net\/fr\/wp-json\/wp\/v2\/media?parent=16704"}],"curies":[{"name":"wp","href":"https:\/\/api.w.org\/{rel}","templated":true}]}}