{"id":16703,"date":"2017-08-16T08:02:29","date_gmt":"2017-08-16T08:02:29","guid":{"rendered":"http:\/\/www.vsiconsulting.net\/purchase-and-logistics\/"},"modified":"2017-12-21T09:47:47","modified_gmt":"2017-12-21T09:47:47","slug":"purchase-and-logistics","status":"publish","type":"page","link":"https:\/\/www.vsiconsulting.net\/fr\/purchase-and-logistics\/","title":{"rendered":"ACHATS ET LOGISTIQUE"},"content":{"rendered":"<p>[vc_row css_animation=&#8221;&#8221; row_type=&#8221;row&#8221; use_row_as_full_screen_section=&#8221;no&#8221; type=&#8221;full_width&#8221; angled_section=&#8221;no&#8221; text_align=&#8221;left&#8221; background_image_as_pattern=&#8221;without_pattern&#8221;][vc_column][vc_column_text]Notre \u00e9quipe du d\u00e9partement des achats et de la logistique vous aidera \u00e0 trouver les meilleurs fournisseurs et usines ainsi qu&#8217;\u00e0 organiser vos envois depuis la Chine vers n&#8217;importe quelle partie du monde. Le d\u00e9partement Sourcing est compos\u00e9 d&#8217;une \u00e9quipe dynamique et flexible qui s&#8217;adapte \u00e0 tous vos besoins.[\/vc_column_text][\/vc_column][\/vc_row]<\/p>\n","protected":false},"excerpt":{"rendered":"<p>[vc_row css_animation=&#8221;&#8221; row_type=&#8221;row&#8221; use_row_as_full_screen_section=&#8221;no&#8221; type=&#8221;full_width&#8221; angled_section=&#8221;no&#8221; text_align=&#8221;left&#8221; background_image_as_pattern=&#8221;without_pattern&#8221;][vc_column][vc_column_text]Notre \u00e9quipe du d\u00e9partement des achats et de la logistique vous aidera \u00e0 trouver les meilleurs fournisseurs et usines ainsi qu&#8217;\u00e0 organiser vos envois depuis la Chine vers n&#8217;importe quelle partie du monde. Le d\u00e9partement Sourcing est compos\u00e9&#8230;<\/p>\n","protected":false},"author":1,"featured_media":0,"parent":0,"menu_order":0,"comment_status":"closed","ping_status":"closed","template":"","meta":[],"_links":{"self":[{"href":"https:\/\/www.vsiconsulting.net\/fr\/wp-json\/wp\/v2\/pages\/16703"}],"collection":[{"href":"https:\/\/www.vsiconsulting.net\/fr\/wp-json\/wp\/v2\/pages"}],"about":[{"href":"https:\/\/www.vsiconsulting.net\/fr\/wp-json\/wp\/v2\/types\/page"}],"author":[{"embeddable":true,"href":"https:\/\/www.vsiconsulting.net\/fr\/wp-json\/wp\/v2\/users\/1"}],"replies":[{"embeddable":true,"href":"https:\/\/www.vsiconsulting.net\/fr\/wp-json\/wp\/v2\/comments?post=16703"}],"version-history":[{"count":1,"href":"https:\/\/www.vsiconsulting.net\/fr\/wp-json\/wp\/v2\/pages\/16703\/revisions"}],"predecessor-version":[{"id":16735,"href":"https:\/\/www.vsiconsulting.net\/fr\/wp-json\/wp\/v2\/pages\/16703\/revisions\/16735"}],"wp:attachment":[{"href":"https:\/\/www.vsiconsulting.net\/fr\/wp-json\/wp\/v2\/media?parent=16703"}],"curies":[{"name":"wp","href":"https:\/\/api.w.org\/{rel}","templated":true}]}}