{"id":16702,"date":"2017-08-16T08:01:05","date_gmt":"2017-08-16T08:01:05","guid":{"rendered":"http:\/\/www.vsiconsulting.net\/other-services-for-intitutions\/"},"modified":"2017-12-22T09:29:49","modified_gmt":"2017-12-22T09:29:49","slug":"other-services-for-intitutions","status":"publish","type":"page","link":"https:\/\/www.vsiconsulting.net\/fr\/other-services-for-intitutions\/","title":{"rendered":"AUTRE DIVERS"},"content":{"rendered":"<p>[vc_row css_animation=&#8221;&#8221; row_type=&#8221;row&#8221; use_row_as_full_screen_section=&#8221;no&#8221; type=&#8221;full_width&#8221; angled_section=&#8221;no&#8221; text_align=&#8221;left&#8221; background_image_as_pattern=&#8221;without_pattern&#8221;][vc_column width=&#8221;1\/2&#8243;][vc_column_text]Les \u00e9tudes de march\u00e9<\/p>\n<p>Rapports de clients<\/p>\n<p>Plans d&#8217;internationalisation mondiale.<\/p>\n<p>Listes de clients et de distributeurs.<\/p>\n<p>D\u00e9marrage de r\u00e9seaux commerciaux.<\/p>\n<p>S\u00e9lection du personnel.[\/vc_column_text][\/vc_column][vc_column width=&#8221;1\/2&#8243;][vc_column_text]Soutien \u00e0 la gestion commerciale.<\/p>\n<p>Organisation et gestion des foires.<\/p>\n<p>Campagnes de communication<\/p>\n<p>Conseil juridique<\/p>\n<p>Traducteurs et BEAUCOUP PLUS[\/vc_column_text][\/vc_column][\/vc_row]<\/p>\n","protected":false},"excerpt":{"rendered":"<p>[vc_row css_animation=&#8221;&#8221; row_type=&#8221;row&#8221; use_row_as_full_screen_section=&#8221;no&#8221; type=&#8221;full_width&#8221; angled_section=&#8221;no&#8221; text_align=&#8221;left&#8221; background_image_as_pattern=&#8221;without_pattern&#8221;][vc_column width=&#8221;1\/2&#8243;][vc_column_text]Les \u00e9tudes de march\u00e9 Rapports de clients Plans d&#8217;internationalisation mondiale. Listes de clients et de distributeurs. D\u00e9marrage de r\u00e9seaux commerciaux. S\u00e9lection du personnel.[\/vc_column_text][\/vc_column][vc_column width=&#8221;1\/2&#8243;][vc_column_text]Soutien \u00e0 la gestion commerciale. Organisation et gestion des foires. Campagnes de communication Conseil&#8230;<\/p>\n","protected":false},"author":1,"featured_media":0,"parent":0,"menu_order":0,"comment_status":"closed","ping_status":"closed","template":"","meta":[],"_links":{"self":[{"href":"https:\/\/www.vsiconsulting.net\/fr\/wp-json\/wp\/v2\/pages\/16702"}],"collection":[{"href":"https:\/\/www.vsiconsulting.net\/fr\/wp-json\/wp\/v2\/pages"}],"about":[{"href":"https:\/\/www.vsiconsulting.net\/fr\/wp-json\/wp\/v2\/types\/page"}],"author":[{"embeddable":true,"href":"https:\/\/www.vsiconsulting.net\/fr\/wp-json\/wp\/v2\/users\/1"}],"replies":[{"embeddable":true,"href":"https:\/\/www.vsiconsulting.net\/fr\/wp-json\/wp\/v2\/comments?post=16702"}],"version-history":[{"count":3,"href":"https:\/\/www.vsiconsulting.net\/fr\/wp-json\/wp\/v2\/pages\/16702\/revisions"}],"predecessor-version":[{"id":16745,"href":"https:\/\/www.vsiconsulting.net\/fr\/wp-json\/wp\/v2\/pages\/16702\/revisions\/16745"}],"wp:attachment":[{"href":"https:\/\/www.vsiconsulting.net\/fr\/wp-json\/wp\/v2\/media?parent=16702"}],"curies":[{"name":"wp","href":"https:\/\/api.w.org\/{rel}","templated":true}]}}