{"id":16701,"date":"2017-08-16T08:00:44","date_gmt":"2017-08-16T08:00:44","guid":{"rendered":"http:\/\/www.vsiconsulting.net\/other-services\/"},"modified":"2017-12-21T09:46:14","modified_gmt":"2017-12-21T09:46:14","slug":"other-services","status":"publish","type":"page","link":"https:\/\/www.vsiconsulting.net\/fr\/other-services\/","title":{"rendered":"AUTRES SERVICES"},"content":{"rendered":"<p>[vc_row css_animation=&#8221;&#8221; row_type=&#8221;row&#8221; use_row_as_full_screen_section=&#8221;no&#8221; type=&#8221;full_width&#8221; angled_section=&#8221;no&#8221; text_align=&#8221;left&#8221; background_image_as_pattern=&#8221;without_pattern&#8221;][vc_column width=&#8221;1\/2&#8243;][vc_column_text]<\/p>\n<ul>\n<li>Les \u00e9tudes de march\u00e9<\/li>\n<li>Rapports de clients<\/li>\n<li>Plans d&#8217;internationalisation mondiale.<\/li>\n<li>Listes de clients et de distributeurs.<\/li>\n<li>D\u00e9marrage de r\u00e9seaux commerciaux.<\/li>\n<\/ul>\n<p>[\/vc_column_text][\/vc_column][vc_column width=&#8221;1\/2&#8243;][vc_column_text]<\/p>\n<ul>\n<li>S\u00e9lection du personnel.<\/li>\n<li>Soutien \u00e0 la gestion commerciale.<\/li>\n<li>Organisation et gestion des foires.<\/li>\n<li>Campagnes de communication<\/li>\n<li>Conseil juridique<\/li>\n<li>Traducteurs<\/li>\n<li>beaucoup plus!<\/li>\n<\/ul>\n<p>[\/vc_column_text][\/vc_column][\/vc_row]<\/p>\n","protected":false},"excerpt":{"rendered":"<p>[vc_row css_animation=&#8221;&#8221; row_type=&#8221;row&#8221; use_row_as_full_screen_section=&#8221;no&#8221; type=&#8221;full_width&#8221; angled_section=&#8221;no&#8221; text_align=&#8221;left&#8221; background_image_as_pattern=&#8221;without_pattern&#8221;][vc_column width=&#8221;1\/2&#8243;][vc_column_text] Les \u00e9tudes de march\u00e9 Rapports de clients Plans d&#8217;internationalisation mondiale. Listes de clients et de distributeurs. D\u00e9marrage de r\u00e9seaux commerciaux. [\/vc_column_text][\/vc_column][vc_column width=&#8221;1\/2&#8243;][vc_column_text] S\u00e9lection du personnel. Soutien \u00e0 la gestion commerciale. Organisation et gestion des foires. Campagnes&#8230;<\/p>\n","protected":false},"author":1,"featured_media":0,"parent":0,"menu_order":0,"comment_status":"closed","ping_status":"closed","template":"","meta":[],"_links":{"self":[{"href":"https:\/\/www.vsiconsulting.net\/fr\/wp-json\/wp\/v2\/pages\/16701"}],"collection":[{"href":"https:\/\/www.vsiconsulting.net\/fr\/wp-json\/wp\/v2\/pages"}],"about":[{"href":"https:\/\/www.vsiconsulting.net\/fr\/wp-json\/wp\/v2\/types\/page"}],"author":[{"embeddable":true,"href":"https:\/\/www.vsiconsulting.net\/fr\/wp-json\/wp\/v2\/users\/1"}],"replies":[{"embeddable":true,"href":"https:\/\/www.vsiconsulting.net\/fr\/wp-json\/wp\/v2\/comments?post=16701"}],"version-history":[{"count":1,"href":"https:\/\/www.vsiconsulting.net\/fr\/wp-json\/wp\/v2\/pages\/16701\/revisions"}],"predecessor-version":[{"id":16734,"href":"https:\/\/www.vsiconsulting.net\/fr\/wp-json\/wp\/v2\/pages\/16701\/revisions\/16734"}],"wp:attachment":[{"href":"https:\/\/www.vsiconsulting.net\/fr\/wp-json\/wp\/v2\/media?parent=16701"}],"curies":[{"name":"wp","href":"https:\/\/api.w.org\/{rel}","templated":true}]}}