{"id":16700,"date":"2017-08-16T08:02:29","date_gmt":"2017-08-16T08:02:29","guid":{"rendered":"http:\/\/www.vsiconsulting.net\/inverse-missions\/"},"modified":"2017-12-21T09:53:59","modified_gmt":"2017-12-21T09:53:59","slug":"inverse-missions","status":"publish","type":"page","link":"https:\/\/www.vsiconsulting.net\/fr\/inverse-missions\/","title":{"rendered":"MISSIONS INVERSE"},"content":{"rendered":"<p>[vc_row css_animation=&#8221;&#8221; row_type=&#8221;row&#8221; use_row_as_full_screen_section=&#8221;no&#8221; type=&#8221;full_width&#8221; angled_section=&#8221;no&#8221; text_align=&#8221;left&#8221; background_image_as_pattern=&#8221;without_pattern&#8221;][vc_column][vc_column_text]Prospection et s\u00e9lection de grands acheteurs int\u00e9ress\u00e9s \u00e0 visiter nos pays et avoir des r\u00e9unions d&#8217;ACHATS avec des PME espagnoles.<\/p>\n<p>&nbsp;<\/p>\n<p>Organisation logistique de tous les aspects tels que les vols, visas, h\u00f4tels et autres.<\/p>\n<p>&nbsp;<\/p>\n<p>Nous sommes sp\u00e9cialistes dans plusieurs secteurs: industriel, agroalimentaire, technologique &#8230;<\/p>\n<p>&nbsp;<\/p>\n<p>Plus de 40 march\u00e9s \u00e0 votre disposition.[\/vc_column_text][\/vc_column][\/vc_row]<\/p>\n","protected":false},"excerpt":{"rendered":"<p>[vc_row css_animation=&#8221;&#8221; row_type=&#8221;row&#8221; use_row_as_full_screen_section=&#8221;no&#8221; type=&#8221;full_width&#8221; angled_section=&#8221;no&#8221; text_align=&#8221;left&#8221; background_image_as_pattern=&#8221;without_pattern&#8221;][vc_column][vc_column_text]Prospection et s\u00e9lection de grands acheteurs int\u00e9ress\u00e9s \u00e0 visiter nos pays et avoir des r\u00e9unions d&#8217;ACHATS avec des PME espagnoles. &nbsp; Organisation logistique de tous les aspects tels que les vols, visas, h\u00f4tels et autres. &nbsp; Nous sommes&#8230;<\/p>\n","protected":false},"author":1,"featured_media":0,"parent":0,"menu_order":0,"comment_status":"closed","ping_status":"closed","template":"","meta":[],"_links":{"self":[{"href":"https:\/\/www.vsiconsulting.net\/fr\/wp-json\/wp\/v2\/pages\/16700"}],"collection":[{"href":"https:\/\/www.vsiconsulting.net\/fr\/wp-json\/wp\/v2\/pages"}],"about":[{"href":"https:\/\/www.vsiconsulting.net\/fr\/wp-json\/wp\/v2\/types\/page"}],"author":[{"embeddable":true,"href":"https:\/\/www.vsiconsulting.net\/fr\/wp-json\/wp\/v2\/users\/1"}],"replies":[{"embeddable":true,"href":"https:\/\/www.vsiconsulting.net\/fr\/wp-json\/wp\/v2\/comments?post=16700"}],"version-history":[{"count":1,"href":"https:\/\/www.vsiconsulting.net\/fr\/wp-json\/wp\/v2\/pages\/16700\/revisions"}],"predecessor-version":[{"id":16738,"href":"https:\/\/www.vsiconsulting.net\/fr\/wp-json\/wp\/v2\/pages\/16700\/revisions\/16738"}],"wp:attachment":[{"href":"https:\/\/www.vsiconsulting.net\/fr\/wp-json\/wp\/v2\/media?parent=16700"}],"curies":[{"name":"wp","href":"https:\/\/api.w.org\/{rel}","templated":true}]}}