{"id":16699,"date":"2017-08-16T07:50:53","date_gmt":"2017-08-16T07:50:53","guid":{"rendered":"http:\/\/www.vsiconsulting.net\/pmi\/"},"modified":"2017-12-20T13:29:05","modified_gmt":"2017-12-20T13:29:05","slug":"pmi","status":"publish","type":"page","link":"https:\/\/www.vsiconsulting.net\/fr\/pmi\/","title":{"rendered":"PROGRAMME PMI"},"content":{"rendered":"<p>[vc_row css_animation=&#8221;&#8221; row_type=&#8221;row&#8221; use_row_as_full_screen_section=&#8221;no&#8221; type=&#8221;full_width&#8221; angled_section=&#8221;no&#8221; text_align=&#8221;left&#8221; background_image_as_pattern=&#8221;without_pattern&#8221; css=&#8221;.vc_custom_1502977554199{margin-bottom: 30px !important;}&#8221;][vc_column width=&#8221;1\/2&#8243;][vc_single_image image=&#8221;16107&#8243; img_size=&#8221;full&#8221; alignment=&#8221;center&#8221; qode_css_animation=&#8221;&#8221;][vc_column_text]<\/p>\n<h3 style=\"text-align: center;\"><em>Analysis and prospection<\/em><\/h3>\n<h3 style=\"text-align: center;\"><\/h3>\n<h3 style=\"text-align: center;\"><\/h3>\n<h3 style=\"text-align: center;\"><em>Business trip and closing agreements<\/em><\/h3>\n<p>[\/vc_column_text][\/vc_column][vc_column width=&#8221;1\/2&#8243;][vc_column_text]P\u00e9n\u00e9tration des march\u00e9s internationaux.<\/p>\n<p>&nbsp;<\/p>\n<p>Le programme PMI est con\u00e7u pour les PME d\u00e9sireuses de p\u00e9n\u00e9trer les march\u00e9s internationaux rapidement et efficacement. Le programme peut \u00eatre appel\u00e9 \u00ablow cost\u00bb car le co\u00fbt est tr\u00e8s abordable pour toute petite entreprise et le retour sur investissement est presque imm\u00e9diat.<\/p>\n<p>&nbsp;<\/p>\n<p>C&#8217;est un programme adapt\u00e9 \u00e0 chaque entreprise, o\u00f9 le travail est effectu\u00e9 de mani\u00e8re personnalis\u00e9e et sous la tutelle de l&#8217;entreprise elle-m\u00eame qui marque et d\u00e9cide \u00e0 tout moment du rythme de travail.<\/p>\n<p>&nbsp;<\/p>\n<p>&nbsp;<\/p>\n<p><strong>PHASE 1: ANALYSE et PROSPECTION<\/strong><\/p>\n<p>Dans cette phase, votre entreprise, les produits et les prix, les canaux de distribution possibles et le marketing n\u00e9cessaire sont analys\u00e9s. Avec les informations obtenues, le march\u00e9 est prospect\u00e9 pour trouver les meilleures options pour votre entreprise. Un rapport complet est pr\u00e9par\u00e9 contenant des informations sur le march\u00e9 ainsi qu&#8217;une liste d&#8217;\u00e9valuation des partenaires potentiels dans le pays, afin que le client valide l&#8217;information et passe \u00e0 la phase 2.<\/p>\n<p>&nbsp;<\/p>\n<p><strong>PHASE 2: IDENTIFICATION et S\u00c9LECTION<\/strong><\/p>\n<p>Les prochains jours sont consacr\u00e9s \u00e0 contacter des clients \/ distributeurs potentiels. Les contacts sont faits et leurs produits sont pr\u00e9sent\u00e9s. Les entreprises sont analys\u00e9es et les plus appropri\u00e9es sont s\u00e9lectionn\u00e9es en fonction du potentiel et de l&#8217;int\u00e9r\u00eat pour votre entreprise.<\/p>\n<p>&nbsp;<\/p>\n<p><strong>PHASE 3: VOYAGE ET CONVENTIONS\u00a0 Apr\u00e8s\u00a0 CLOSURE <\/strong><\/p>\n<p>Entrevues\u00a0 de s\u00e9lection ordre du jour dans le pays, o\u00f9 la soci\u00e9t\u00e9 se d\u00e9place pour rencontrer les partenaires locaux int\u00e9ress\u00e9s \u00e0 d\u00e9velopper des coentreprises et toujours avec le soutien de notre destination de la d\u00e9l\u00e9gation est pr\u00e9par\u00e9e.[\/vc_column_text][\/vc_column][\/vc_row]<\/p>\n","protected":false},"excerpt":{"rendered":"<p>[vc_row css_animation=&#8221;&#8221; row_type=&#8221;row&#8221; use_row_as_full_screen_section=&#8221;no&#8221; type=&#8221;full_width&#8221; angled_section=&#8221;no&#8221; text_align=&#8221;left&#8221; background_image_as_pattern=&#8221;without_pattern&#8221; css=&#8221;.vc_custom_1502977554199{margin-bottom: 30px !important;}&#8221;][vc_column width=&#8221;1\/2&#8243;][vc_single_image image=&#8221;16107&#8243; img_size=&#8221;full&#8221; alignment=&#8221;center&#8221; qode_css_animation=&#8221;&#8221;][vc_column_text] Analysis and prospection Business trip and closing agreements [\/vc_column_text][\/vc_column][vc_column width=&#8221;1\/2&#8243;][vc_column_text]P\u00e9n\u00e9tration des march\u00e9s internationaux. &nbsp; Le programme PMI est con\u00e7u pour les PME d\u00e9sireuses de p\u00e9n\u00e9trer les march\u00e9s internationaux rapidement&#8230;<\/p>\n","protected":false},"author":1,"featured_media":0,"parent":0,"menu_order":0,"comment_status":"closed","ping_status":"closed","template":"","meta":[],"_links":{"self":[{"href":"https:\/\/www.vsiconsulting.net\/fr\/wp-json\/wp\/v2\/pages\/16699"}],"collection":[{"href":"https:\/\/www.vsiconsulting.net\/fr\/wp-json\/wp\/v2\/pages"}],"about":[{"href":"https:\/\/www.vsiconsulting.net\/fr\/wp-json\/wp\/v2\/types\/page"}],"author":[{"embeddable":true,"href":"https:\/\/www.vsiconsulting.net\/fr\/wp-json\/wp\/v2\/users\/1"}],"replies":[{"embeddable":true,"href":"https:\/\/www.vsiconsulting.net\/fr\/wp-json\/wp\/v2\/comments?post=16699"}],"version-history":[{"count":3,"href":"https:\/\/www.vsiconsulting.net\/fr\/wp-json\/wp\/v2\/pages\/16699\/revisions"}],"predecessor-version":[{"id":16720,"href":"https:\/\/www.vsiconsulting.net\/fr\/wp-json\/wp\/v2\/pages\/16699\/revisions\/16720"}],"wp:attachment":[{"href":"https:\/\/www.vsiconsulting.net\/fr\/wp-json\/wp\/v2\/media?parent=16699"}],"curies":[{"name":"wp","href":"https:\/\/api.w.org\/{rel}","templated":true}]}}