{"id":16697,"date":"2017-08-16T08:02:29","date_gmt":"2017-08-16T08:02:29","guid":{"rendered":"http:\/\/www.vsiconsulting.net\/inspection-and-evaluation\/"},"modified":"2017-12-21T09:51:29","modified_gmt":"2017-12-21T09:51:29","slug":"inspection-and-evaluation","status":"publish","type":"page","link":"https:\/\/www.vsiconsulting.net\/fr\/inspection-and-evaluation\/","title":{"rendered":"INSPECTION ET \u00c9VALUATION"},"content":{"rendered":"<p>[vc_row css_animation=&#8221;&#8221; row_type=&#8221;row&#8221; use_row_as_full_screen_section=&#8221;no&#8221; type=&#8221;full_width&#8221; angled_section=&#8221;no&#8221; text_align=&#8221;left&#8221; background_image_as_pattern=&#8221;without_pattern&#8221;][vc_column width=&#8221;1\/2&#8243;][\/vc_column][vc_column width=&#8221;1\/2&#8243;][vc_column_text]Pour les commandes qui sont r\u00e9alis\u00e9s \u200b\u200bet g\u00e9r\u00e9es par nos clients directement avec le producteur chinois, nous pouvons offrir un contr\u00f4le de la qualit\u00e9 finale de service du produit avant exp\u00e9dition ou m\u00eame lors de la fabrication, pour les produits qui n\u00e9cessitent un suivi et de soins sp\u00e9ciaux. Nos services assurent le contenu correct, l&#8217;emballage et la qualit\u00e9 du produit final.<\/p>\n<p>&nbsp;<\/p>\n<p>Le travail coordonn\u00e9 et supervis\u00e9 par notre client sera document\u00e9 par une \u00e9valuation \/ analyse en fonction de leurs besoins comprennent g\u00e9n\u00e9ralement un \u00ab rapport qualit\u00e9 \u00bb avec des photos, des mesures de v\u00e9rification, l&#8217;analyse des mat\u00e9riaux, etc &#8230; \u00e0 savoir la documentation Il est n\u00e9cessaire que le client demande d\u00fbment compl\u00e9t\u00e9 par nos ing\u00e9nieurs une fois l&#8217;inspection termin\u00e9e.<\/p>\n<p>&nbsp;<\/p>\n<p>Notre \u00e9quipe humaine est notre valeur donc nous donnons une grande importance \u00e0 la permanence de la m\u00eame chose dans l&#8217;organisation qui nous aide \u00e0 mieux comprendre et dialoguer.[\/vc_column_text][\/vc_column][\/vc_row]<\/p>\n","protected":false},"excerpt":{"rendered":"<p>[vc_row css_animation=&#8221;&#8221; row_type=&#8221;row&#8221; use_row_as_full_screen_section=&#8221;no&#8221; type=&#8221;full_width&#8221; angled_section=&#8221;no&#8221; text_align=&#8221;left&#8221; background_image_as_pattern=&#8221;without_pattern&#8221;][vc_column width=&#8221;1\/2&#8243;][\/vc_column][vc_column width=&#8221;1\/2&#8243;][vc_column_text]Pour les commandes qui sont r\u00e9alis\u00e9s \u200b\u200bet g\u00e9r\u00e9es par nos clients directement avec le producteur chinois, nous pouvons offrir un contr\u00f4le de la qualit\u00e9 finale de service du produit avant exp\u00e9dition ou m\u00eame lors de la&#8230;<\/p>\n","protected":false},"author":1,"featured_media":0,"parent":0,"menu_order":0,"comment_status":"closed","ping_status":"closed","template":"","meta":[],"_links":{"self":[{"href":"https:\/\/www.vsiconsulting.net\/fr\/wp-json\/wp\/v2\/pages\/16697"}],"collection":[{"href":"https:\/\/www.vsiconsulting.net\/fr\/wp-json\/wp\/v2\/pages"}],"about":[{"href":"https:\/\/www.vsiconsulting.net\/fr\/wp-json\/wp\/v2\/types\/page"}],"author":[{"embeddable":true,"href":"https:\/\/www.vsiconsulting.net\/fr\/wp-json\/wp\/v2\/users\/1"}],"replies":[{"embeddable":true,"href":"https:\/\/www.vsiconsulting.net\/fr\/wp-json\/wp\/v2\/comments?post=16697"}],"version-history":[{"count":2,"href":"https:\/\/www.vsiconsulting.net\/fr\/wp-json\/wp\/v2\/pages\/16697\/revisions"}],"predecessor-version":[{"id":16737,"href":"https:\/\/www.vsiconsulting.net\/fr\/wp-json\/wp\/v2\/pages\/16697\/revisions\/16737"}],"wp:attachment":[{"href":"https:\/\/www.vsiconsulting.net\/fr\/wp-json\/wp\/v2\/media?parent=16697"}],"curies":[{"name":"wp","href":"https:\/\/api.w.org\/{rel}","templated":true}]}}