{"id":16696,"date":"2017-08-16T08:02:29","date_gmt":"2017-08-16T08:02:29","guid":{"rendered":"http:\/\/www.vsiconsulting.net\/individualized-services\/"},"modified":"2017-12-21T10:01:56","modified_gmt":"2017-12-21T10:01:56","slug":"individualized-services","status":"publish","type":"page","link":"https:\/\/www.vsiconsulting.net\/fr\/individualized-services\/","title":{"rendered":"SERVICES INDIVIDUALIS\u00c9S"},"content":{"rendered":"<p>[vc_row css_animation=&#8221;&#8221; row_type=&#8221;row&#8221; use_row_as_full_screen_section=&#8221;no&#8221; type=&#8221;full_width&#8221; angled_section=&#8221;no&#8221; text_align=&#8221;left&#8221; background_image_as_pattern=&#8221;without_pattern&#8221;][vc_column width=&#8221;1\/2&#8243;][vc_single_image image=&#8221;16149&#8243; img_size=&#8221;full&#8221; alignment=&#8221;center&#8221; qode_css_animation=&#8221;&#8221;][\/vc_column][vc_column width=&#8221;1\/2&#8243;][vc_column_text]VSI est un partenaire privil\u00e9gi\u00e9 de nombreuses entit\u00e9s pour offrir tous types de services individualis\u00e9s dans le domaine du commerce international, allant de petites \u00e9tudes de march\u00e9 \u00e0 des agendas plus complexes ou \u00e0 des projets de mise en \u0153uvre.[\/vc_column_text][\/vc_column][\/vc_row]<\/p>\n","protected":false},"excerpt":{"rendered":"<p>[vc_row css_animation=&#8221;&#8221; row_type=&#8221;row&#8221; use_row_as_full_screen_section=&#8221;no&#8221; type=&#8221;full_width&#8221; angled_section=&#8221;no&#8221; text_align=&#8221;left&#8221; background_image_as_pattern=&#8221;without_pattern&#8221;][vc_column width=&#8221;1\/2&#8243;][vc_single_image image=&#8221;16149&#8243; img_size=&#8221;full&#8221; alignment=&#8221;center&#8221; qode_css_animation=&#8221;&#8221;][\/vc_column][vc_column width=&#8221;1\/2&#8243;][vc_column_text]VSI est un partenaire privil\u00e9gi\u00e9 de nombreuses entit\u00e9s pour offrir tous types de services individualis\u00e9s dans le domaine du commerce international, allant de petites \u00e9tudes de march\u00e9 \u00e0 des agendas plus complexes&#8230;<\/p>\n","protected":false},"author":1,"featured_media":0,"parent":0,"menu_order":0,"comment_status":"closed","ping_status":"closed","template":"","meta":[],"_links":{"self":[{"href":"https:\/\/www.vsiconsulting.net\/fr\/wp-json\/wp\/v2\/pages\/16696"}],"collection":[{"href":"https:\/\/www.vsiconsulting.net\/fr\/wp-json\/wp\/v2\/pages"}],"about":[{"href":"https:\/\/www.vsiconsulting.net\/fr\/wp-json\/wp\/v2\/types\/page"}],"author":[{"embeddable":true,"href":"https:\/\/www.vsiconsulting.net\/fr\/wp-json\/wp\/v2\/users\/1"}],"replies":[{"embeddable":true,"href":"https:\/\/www.vsiconsulting.net\/fr\/wp-json\/wp\/v2\/comments?post=16696"}],"version-history":[{"count":1,"href":"https:\/\/www.vsiconsulting.net\/fr\/wp-json\/wp\/v2\/pages\/16696\/revisions"}],"predecessor-version":[{"id":16742,"href":"https:\/\/www.vsiconsulting.net\/fr\/wp-json\/wp\/v2\/pages\/16696\/revisions\/16742"}],"wp:attachment":[{"href":"https:\/\/www.vsiconsulting.net\/fr\/wp-json\/wp\/v2\/media?parent=16696"}],"curies":[{"name":"wp","href":"https:\/\/api.w.org\/{rel}","templated":true}]}}