{"id":16693,"date":"2017-08-16T07:51:24","date_gmt":"2017-08-16T07:51:24","guid":{"rendered":"http:\/\/www.vsiconsulting.net\/go-on\/"},"modified":"2017-12-21T09:23:15","modified_gmt":"2017-12-21T09:23:15","slug":"go-on","status":"publish","type":"page","link":"https:\/\/www.vsiconsulting.net\/fr\/go-on\/","title":{"rendered":"PROGRAMME GO ON"},"content":{"rendered":"<p>[vc_row css_animation=&#8221;&#8221; row_type=&#8221;row&#8221; use_row_as_full_screen_section=&#8221;no&#8221; type=&#8221;full_width&#8221; angled_section=&#8221;no&#8221; text_align=&#8221;left&#8221; background_image_as_pattern=&#8221;without_pattern&#8221;][vc_column width=&#8221;1\/2&#8243;][vc_single_image image=&#8221;16118&#8243; img_size=&#8221;full&#8221; alignment=&#8221;center&#8221; qode_css_animation=&#8221;&#8221;][\/vc_column][vc_column width=&#8221;1\/2&#8243;][vc_column_text]<strong>Que faisons-nous pour votre entreprise?<\/strong><\/p>\n<ul>\n<li>Prospecter les march\u00e9s internationaux, sans limites de pays, en donnant la priorit\u00e9 \u00e0 ceux dans lesquels votre entreprise a plus de possibilit\u00e9s<\/li>\n<li>Nous identifions les importateurs \/ distributeurs \/ grossistes potentiels<\/li>\n<li>Nous pr\u00e9sentons votre offre de produit<\/li>\n<li>Nous n\u00e9gocions et obtenons des demandes<\/li>\n<li>Nous les conseillons dans tout le processus et dans tout le n\u00e9cessaire pour r\u00e9pondre aux demandes potentielles<\/li>\n<li>Nous voyageons pour rencontrer des acheteurs et conclure des accords (sous paiement pr\u00e9c\u00e9dent, non inclus dans le quota.<\/li>\n<\/ul>\n<p>&nbsp;<\/p>\n<p><strong>\u00a0Comment le faisons-nous?<\/strong><\/p>\n<ul>\n<li>Nous utilisons nos contacts obtenus tout au long de nos ann\u00e9es de trajectoire et de travail dans le secteur pour les entreprises, institutions, etc &#8230; Nous avons une vaste base de donn\u00e9es des importateurs mondiaux du secteur \u00e0 laquelle nous connaissons personnellement le r\u00e9sultat de nos actions.<\/li>\n<li>Nous utilisons nos d\u00e9l\u00e9gations \u00e0 l&#8217;\u00e9tranger (voir la liste des pays) qui nous soutiennent \u00e0 identifier et \u00e0 contacter clientes. D\u00e9pondra potentiels un coordonnateur dans notre bureau responsable de votre projet et de faire des fonctions \u00ab gestionnaire de zone \u00bb pour ouvrir de nouveaux march\u00e9s .<\/li>\n<\/ul>\n<p>[\/vc_column_text][\/vc_column][\/vc_row]<\/p>\n","protected":false},"excerpt":{"rendered":"<p>[vc_row css_animation=&#8221;&#8221; row_type=&#8221;row&#8221; use_row_as_full_screen_section=&#8221;no&#8221; type=&#8221;full_width&#8221; angled_section=&#8221;no&#8221; text_align=&#8221;left&#8221; background_image_as_pattern=&#8221;without_pattern&#8221;][vc_column width=&#8221;1\/2&#8243;][vc_single_image image=&#8221;16118&#8243; img_size=&#8221;full&#8221; alignment=&#8221;center&#8221; qode_css_animation=&#8221;&#8221;][\/vc_column][vc_column width=&#8221;1\/2&#8243;][vc_column_text]Que faisons-nous pour votre entreprise? Prospecter les march\u00e9s internationaux, sans limites de pays, en donnant la priorit\u00e9 \u00e0 ceux dans lesquels votre entreprise a plus de possibilit\u00e9s Nous identifions les importateurs \/&#8230;<\/p>\n","protected":false},"author":1,"featured_media":0,"parent":0,"menu_order":0,"comment_status":"closed","ping_status":"closed","template":"","meta":[],"_links":{"self":[{"href":"https:\/\/www.vsiconsulting.net\/fr\/wp-json\/wp\/v2\/pages\/16693"}],"collection":[{"href":"https:\/\/www.vsiconsulting.net\/fr\/wp-json\/wp\/v2\/pages"}],"about":[{"href":"https:\/\/www.vsiconsulting.net\/fr\/wp-json\/wp\/v2\/types\/page"}],"author":[{"embeddable":true,"href":"https:\/\/www.vsiconsulting.net\/fr\/wp-json\/wp\/v2\/users\/1"}],"replies":[{"embeddable":true,"href":"https:\/\/www.vsiconsulting.net\/fr\/wp-json\/wp\/v2\/comments?post=16693"}],"version-history":[{"count":3,"href":"https:\/\/www.vsiconsulting.net\/fr\/wp-json\/wp\/v2\/pages\/16693\/revisions"}],"predecessor-version":[{"id":16728,"href":"https:\/\/www.vsiconsulting.net\/fr\/wp-json\/wp\/v2\/pages\/16693\/revisions\/16728"}],"wp:attachment":[{"href":"https:\/\/www.vsiconsulting.net\/fr\/wp-json\/wp\/v2\/media?parent=16693"}],"curies":[{"name":"wp","href":"https:\/\/api.w.org\/{rel}","templated":true}]}}