{"id":16692,"date":"2017-08-16T07:51:36","date_gmt":"2017-08-16T07:51:36","guid":{"rendered":"http:\/\/www.vsiconsulting.net\/export-manager\/"},"modified":"2017-12-21T09:30:03","modified_gmt":"2017-12-21T09:30:03","slug":"export-manager","status":"publish","type":"page","link":"https:\/\/www.vsiconsulting.net\/fr\/export-manager\/","title":{"rendered":"Export Manager"},"content":{"rendered":"<p>[vc_row css_animation=&#8221;&#8221; row_type=&#8221;row&#8221; use_row_as_full_screen_section=&#8221;no&#8221; type=&#8221;full_width&#8221; angled_section=&#8221;no&#8221; text_align=&#8221;left&#8221; background_image_as_pattern=&#8221;without_pattern&#8221;][vc_column width=&#8221;1\/2&#8243;][vc_single_image image=&#8221;16120&#8243; img_size=&#8221;full&#8221; alignment=&#8221;center&#8221; qode_css_animation=&#8221;&#8221;][\/vc_column][vc_column width=&#8221;1\/2&#8243;][vc_column_text]VSI Consulting offre une \u00e9quipe exp\u00e9riment\u00e9e de gestionnaires \u00e0 l&#8217;exportation \u00e0 temps partiel pour les entreprises qui souhaitent internationaliser ou \u00e9largir leurs march\u00e9s actuels. \u00c0 de nombreuses reprises, la soci\u00e9t\u00e9 a d\u00e9j\u00e0 une personne d\u00e9di\u00e9e faute de temps ne peut pas couvrir de nouveaux march\u00e9s &#8230; dans d&#8217;autres entreprises veulent commencer \u00e0 vendre \u00e0 l&#8217;\u00e9tranger, mais ne disposent pas de ressources suffisantes pour investir dans le co\u00fbt d&#8217;un temps plein et avec une exp\u00e9rience av\u00e9r\u00e9e, principalement pour les co\u00fbts salariaux.<\/p>\n<p>&nbsp;<\/p>\n<p>AVANTAGES POUR VOTRE ENTREPRISE<\/p>\n<ul>\n<li>\u00a0Il \u00e9vite l&#8217;embauche \u00e0 temps plein d&#8217;une personne et les d\u00e9penses salariales d\u00e9riv\u00e9es.<\/li>\n<li>VSI vous attribue un Export Manager avec une exp\u00e9rience EXTENSIVE, pour l&#8217;ouverture de nouveaux march\u00e9s internationaux.<\/li>\n<li>Contrat commercial entre VSI et votre entreprise. Les co\u00fbts sont r\u00e9duits de 60%.<\/li>\n<li>En outre, le directeur des exportations a derri\u00e8re lui le vaste r\u00e9seau de d\u00e9l\u00e9gations de l&#8217;ISBC dans le monde, pour s&#8217;appuyer sur la r\u00e9alisation des objectifs<\/li>\n<\/ul>\n<p>&nbsp;<\/p>\n<p><strong>\u00a0PLUS RAPIDE, PLUS EFFICACE, PLUS DE S\u00c9CURIT\u00c9<\/strong>[\/vc_column_text][\/vc_column][\/vc_row]<\/p>\n","protected":false},"excerpt":{"rendered":"<p>[vc_row css_animation=&#8221;&#8221; row_type=&#8221;row&#8221; use_row_as_full_screen_section=&#8221;no&#8221; type=&#8221;full_width&#8221; angled_section=&#8221;no&#8221; text_align=&#8221;left&#8221; background_image_as_pattern=&#8221;without_pattern&#8221;][vc_column width=&#8221;1\/2&#8243;][vc_single_image image=&#8221;16120&#8243; img_size=&#8221;full&#8221; alignment=&#8221;center&#8221; qode_css_animation=&#8221;&#8221;][\/vc_column][vc_column width=&#8221;1\/2&#8243;][vc_column_text]VSI Consulting offre une \u00e9quipe exp\u00e9riment\u00e9e de gestionnaires \u00e0 l&#8217;exportation \u00e0 temps partiel pour les entreprises qui souhaitent internationaliser ou \u00e9largir leurs march\u00e9s actuels. \u00c0 de nombreuses reprises, la soci\u00e9t\u00e9 a d\u00e9j\u00e0&#8230;<\/p>\n","protected":false},"author":1,"featured_media":0,"parent":0,"menu_order":0,"comment_status":"closed","ping_status":"closed","template":"","meta":[],"_links":{"self":[{"href":"https:\/\/www.vsiconsulting.net\/fr\/wp-json\/wp\/v2\/pages\/16692"}],"collection":[{"href":"https:\/\/www.vsiconsulting.net\/fr\/wp-json\/wp\/v2\/pages"}],"about":[{"href":"https:\/\/www.vsiconsulting.net\/fr\/wp-json\/wp\/v2\/types\/page"}],"author":[{"embeddable":true,"href":"https:\/\/www.vsiconsulting.net\/fr\/wp-json\/wp\/v2\/users\/1"}],"replies":[{"embeddable":true,"href":"https:\/\/www.vsiconsulting.net\/fr\/wp-json\/wp\/v2\/comments?post=16692"}],"version-history":[{"count":2,"href":"https:\/\/www.vsiconsulting.net\/fr\/wp-json\/wp\/v2\/pages\/16692\/revisions"}],"predecessor-version":[{"id":16730,"href":"https:\/\/www.vsiconsulting.net\/fr\/wp-json\/wp\/v2\/pages\/16692\/revisions\/16730"}],"wp:attachment":[{"href":"https:\/\/www.vsiconsulting.net\/fr\/wp-json\/wp\/v2\/media?parent=16692"}],"curies":[{"name":"wp","href":"https:\/\/api.w.org\/{rel}","templated":true}]}}