{"id":16691,"date":"2017-08-16T07:51:12","date_gmt":"2017-08-16T07:51:12","guid":{"rendered":"http:\/\/www.vsiconsulting.net\/pmd\/"},"modified":"2017-12-21T09:18:55","modified_gmt":"2017-12-21T09:18:55","slug":"pmd","status":"publish","type":"page","link":"https:\/\/www.vsiconsulting.net\/fr\/pmd\/","title":{"rendered":"PROGRAMME DE MARKETING DIGITAL"},"content":{"rendered":"<p>[vc_row css_animation=&#8221;&#8221; row_type=&#8221;row&#8221; use_row_as_full_screen_section=&#8221;no&#8221; type=&#8221;full_width&#8221; angled_section=&#8221;no&#8221; text_align=&#8221;left&#8221; background_image_as_pattern=&#8221;without_pattern&#8221; css=&#8221;.vc_custom_1502977678246{margin-bottom: 30px !important;}&#8221;][vc_column width=&#8221;1\/2&#8243;][vc_single_image image=&#8221;16114&#8243; img_size=&#8221;full&#8221; alignment=&#8221;center&#8221; qode_css_animation=&#8221;&#8221;][vc_empty_space][vc_single_image image=&#8221;16115&#8243; img_size=&#8221;full&#8221; alignment=&#8221;center&#8221; qode_css_animation=&#8221;&#8221;][\/vc_column][vc_column width=&#8221;1\/2&#8243;][vc_column_text]Il existe de nombreuses opportunit\u00e9s d&#8217;affaires pour les PME exportatrices gr\u00e2ce au marketing digital. VSI Consulting offre \u00e0 ses clients le d\u00e9veloppement\u00a0 de plans de marketing digital international r\u00e9ussis.<\/p>\n<p>&nbsp;<\/p>\n<p><strong>Que faisons-nous pour votre entreprise?<\/strong><\/p>\n<p>Pour chaque pays de destination, nous d\u00e9velopperons les phases suivantes:<\/p>\n<p>&nbsp;<\/p>\n<p>PHASE 1: Plan de recherche (SEO &#8211; SEM): nous identifierons les mots-cl\u00e9s \u00e0 travers lesquels nous pouvons causer des atterrissages de nouveaux clients potentiels \u00e0 notre page Web.<\/p>\n<p>PHASE 2: Plan de r\u00e9seau social: une pr\u00e9sence active dans les r\u00e9seaux sociaux nous permettra d&#8217;attirer de nouveaux clients et de conserver les clients existants. Nous d\u00e9velopperons un plan d&#8217;action d\u00e9taill\u00e9 pour les r\u00e9seaux B2B (LinkedIn, Xing) et B2C (Facebook, Twitter, YouTube, etc.).<\/p>\n<p>PHASE 3: Plan de commerce \u00e9lectronique: il y a une explosion de la croissance des ventes \u00e9lectroniques au niveau international et de VSI Consulting, nous vous aiderons \u00e0 optimiser ce canal. Nous d\u00e9velopperons non seulement les 4 P du marketing avec vous (Produit, Prix, Promotion, &#8220;Place&#8221;) mais aussi un plan d&#8217;action des &#8220;places de march\u00e9&#8221; ou emailing, tout ce qui est n\u00e9cessaire pour g\u00e9n\u00e9rer des ventes et renouveler l&#8217;achat.<\/p>\n<p>&nbsp;<\/p>\n<p><strong>Comment le faisons-nous?<\/strong><\/p>\n<p>Chacune des trois phases est d\u00e9velopp\u00e9e sur un mois de travail, avec des r\u00e9unions produisant des r\u00e9sultats toutes les deux semaines. Le PMD sera d\u00e9velopp\u00e9 par des professionnels avec 20 ans d&#8217;exp\u00e9rience dans le marketing digital international dans des soci\u00e9t\u00e9s exportatrices telles que Chupa Chups, Perfumes Puig et plus de 200 PME.<\/p>\n<p>Autres services: VSI Consulting offre \u00e9galement:<\/p>\n<p>D\u00e9veloppement de pages web et d&#8217;applications mobiles (Apps)<\/p>\n<p>Lancement de campagnes par email<\/p>\n<p>Cr\u00e9ation d&#8217;identit\u00e9 visuelle, de vid\u00e9os, etc.[\/vc_column_text][\/vc_column][\/vc_row]<\/p>\n","protected":false},"excerpt":{"rendered":"<p>[vc_row css_animation=&#8221;&#8221; row_type=&#8221;row&#8221; use_row_as_full_screen_section=&#8221;no&#8221; type=&#8221;full_width&#8221; angled_section=&#8221;no&#8221; text_align=&#8221;left&#8221; background_image_as_pattern=&#8221;without_pattern&#8221; css=&#8221;.vc_custom_1502977678246{margin-bottom: 30px !important;}&#8221;][vc_column width=&#8221;1\/2&#8243;][vc_single_image image=&#8221;16114&#8243; img_size=&#8221;full&#8221; alignment=&#8221;center&#8221; qode_css_animation=&#8221;&#8221;][vc_empty_space][vc_single_image image=&#8221;16115&#8243; img_size=&#8221;full&#8221; alignment=&#8221;center&#8221; qode_css_animation=&#8221;&#8221;][\/vc_column][vc_column width=&#8221;1\/2&#8243;][vc_column_text]Il existe de nombreuses opportunit\u00e9s d&#8217;affaires pour les PME exportatrices gr\u00e2ce au marketing digital. VSI Consulting offre \u00e0 ses clients le d\u00e9veloppement\u00a0 de plans de&#8230;<\/p>\n","protected":false},"author":1,"featured_media":0,"parent":0,"menu_order":0,"comment_status":"closed","ping_status":"closed","template":"","meta":[],"_links":{"self":[{"href":"https:\/\/www.vsiconsulting.net\/fr\/wp-json\/wp\/v2\/pages\/16691"}],"collection":[{"href":"https:\/\/www.vsiconsulting.net\/fr\/wp-json\/wp\/v2\/pages"}],"about":[{"href":"https:\/\/www.vsiconsulting.net\/fr\/wp-json\/wp\/v2\/types\/page"}],"author":[{"embeddable":true,"href":"https:\/\/www.vsiconsulting.net\/fr\/wp-json\/wp\/v2\/users\/1"}],"replies":[{"embeddable":true,"href":"https:\/\/www.vsiconsulting.net\/fr\/wp-json\/wp\/v2\/comments?post=16691"}],"version-history":[{"count":3,"href":"https:\/\/www.vsiconsulting.net\/fr\/wp-json\/wp\/v2\/pages\/16691\/revisions"}],"predecessor-version":[{"id":16725,"href":"https:\/\/www.vsiconsulting.net\/fr\/wp-json\/wp\/v2\/pages\/16691\/revisions\/16725"}],"wp:attachment":[{"href":"https:\/\/www.vsiconsulting.net\/fr\/wp-json\/wp\/v2\/media?parent=16691"}],"curies":[{"name":"wp","href":"https:\/\/api.w.org\/{rel}","templated":true}]}}