{"id":16687,"date":"2017-08-16T07:51:03","date_gmt":"2017-08-16T07:51:03","guid":{"rendered":"http:\/\/www.vsiconsulting.net\/pai\/"},"modified":"2017-12-21T09:13:18","modified_gmt":"2017-12-21T09:13:18","slug":"pai","status":"publish","type":"page","link":"https:\/\/www.vsiconsulting.net\/fr\/pai\/","title":{"rendered":"PROGRAMME PAI"},"content":{"rendered":"<p>[vc_row css_animation=&#8221;&#8221; row_type=&#8221;row&#8221; use_row_as_full_screen_section=&#8221;no&#8221; type=&#8221;full_width&#8221; angled_section=&#8221;no&#8221; text_align=&#8221;left&#8221; background_image_as_pattern=&#8221;without_pattern&#8221;][vc_column width=&#8221;1\/2&#8243;][vc_single_image image=&#8221;16110&#8243; img_size=&#8221;full&#8221; alignment=&#8221;center&#8221; qode_css_animation=&#8221;&#8221;][\/vc_column][vc_column width=&#8221;1\/2&#8243;][vc_column_text]<\/p>\n<div>\n<p>VSI Consulting d\u00e9veloppe des plans globaux annuels, soit pour un march\u00e9 sp\u00e9cifique, soit pour une combinaison de diff\u00e9rents pays.<\/p>\n<p>VSI agit comme votre bureau en destination, remplissant toutes les fonctions dont votre entreprise a besoin, comme l&#8217;obtention d&#8217;informations sur le march\u00e9 et la concurrence, l&#8217;analyse de situation, la prospection et la recherche de clients et distributeurs potentiels, l&#8217;envoi d&#8217;informations pr\u00e9sentation de votre offre, gestion des commandes, proc\u00e9dures l\u00e9gales et certifications possibles, pr\u00e9paration des voyages sur le march\u00e9 et des ordres du jour des r\u00e9unions, traductions, conseils juridiques, administratifs, commerciaux, etc.<\/p>\n<p>Autrement dit, nous sommes son bureau dans le pays. Votre soci\u00e9t\u00e9 a un Country<\/p>\n<p>Manager \u00e0 DESTIN pour g\u00e9rer le march\u00e9 de fa\u00e7on permanente.<\/p>\n<p>Cette formule apporte des \u00e9conomies importantes pour l&#8217;entreprise et une position avantageuse pour d\u00e9placer imm\u00e9diatement ne sachant pas un march\u00e9 d&#8217;\u00eatre physiquement pr\u00e9sent pour r\u00e9pondre au potentiel de la demande existante, le personnel du pays d&#8217;origine, de langue espagnole, ce qui facilite la communication avec la soci\u00e9t\u00e9 Espagnol.<\/p>\n<\/div>\n<p>[\/vc_column_text][\/vc_column][\/vc_row]<\/p>\n","protected":false},"excerpt":{"rendered":"<p>[vc_row css_animation=&#8221;&#8221; row_type=&#8221;row&#8221; use_row_as_full_screen_section=&#8221;no&#8221; type=&#8221;full_width&#8221; angled_section=&#8221;no&#8221; text_align=&#8221;left&#8221; background_image_as_pattern=&#8221;without_pattern&#8221;][vc_column width=&#8221;1\/2&#8243;][vc_single_image image=&#8221;16110&#8243; img_size=&#8221;full&#8221; alignment=&#8221;center&#8221; qode_css_animation=&#8221;&#8221;][\/vc_column][vc_column width=&#8221;1\/2&#8243;][vc_column_text] VSI Consulting d\u00e9veloppe des plans globaux annuels, soit pour un march\u00e9 sp\u00e9cifique, soit pour une combinaison de diff\u00e9rents pays. VSI agit comme votre bureau en destination, remplissant toutes les fonctions dont&#8230;<\/p>\n","protected":false},"author":1,"featured_media":0,"parent":0,"menu_order":0,"comment_status":"closed","ping_status":"closed","template":"","meta":[],"_links":{"self":[{"href":"https:\/\/www.vsiconsulting.net\/fr\/wp-json\/wp\/v2\/pages\/16687"}],"collection":[{"href":"https:\/\/www.vsiconsulting.net\/fr\/wp-json\/wp\/v2\/pages"}],"about":[{"href":"https:\/\/www.vsiconsulting.net\/fr\/wp-json\/wp\/v2\/types\/page"}],"author":[{"embeddable":true,"href":"https:\/\/www.vsiconsulting.net\/fr\/wp-json\/wp\/v2\/users\/1"}],"replies":[{"embeddable":true,"href":"https:\/\/www.vsiconsulting.net\/fr\/wp-json\/wp\/v2\/comments?post=16687"}],"version-history":[{"count":1,"href":"https:\/\/www.vsiconsulting.net\/fr\/wp-json\/wp\/v2\/pages\/16687\/revisions"}],"predecessor-version":[{"id":16722,"href":"https:\/\/www.vsiconsulting.net\/fr\/wp-json\/wp\/v2\/pages\/16687\/revisions\/16722"}],"wp:attachment":[{"href":"https:\/\/www.vsiconsulting.net\/fr\/wp-json\/wp\/v2\/media?parent=16687"}],"curies":[{"name":"wp","href":"https:\/\/api.w.org\/{rel}","templated":true}]}}