{"id":16686,"date":"2017-08-16T07:48:29","date_gmt":"2017-08-16T07:48:29","guid":{"rendered":"http:\/\/www.vsiconsulting.net\/acerca-de-nosotros\/"},"modified":"2017-12-20T12:57:28","modified_gmt":"2017-12-20T12:57:28","slug":"acerca-de-nosotros","status":"publish","type":"page","link":"https:\/\/www.vsiconsulting.net\/fr\/acerca-de-nosotros\/","title":{"rendered":"PR\u00c8S DE NOUS"},"content":{"rendered":"<p>[vc_row css_animation=&#8221;&#8221; row_type=&#8221;row&#8221; use_row_as_full_screen_section=&#8221;no&#8221; type=&#8221;full_width&#8221; angled_section=&#8221;no&#8221; text_align=&#8221;left&#8221; background_image_as_pattern=&#8221;without_pattern&#8221;][vc_column width=&#8221;1\/2&#8243;][vc_single_image image=&#8221;15977&#8243; img_size=&#8221;large&#8221; alignment=&#8221;center&#8221; qode_css_animation=&#8221;&#8221; title=&#8221;Bureaux VSI Consulting Barcelona&#8221;][vc_empty_space][vc_single_image image=&#8221;15978&#8243; img_size=&#8221;535&#215;403&#8243; alignment=&#8221;center&#8221; qode_css_animation=&#8221;&#8221;][vc_empty_space][\/vc_column][vc_column width=&#8221;1\/2&#8243;][vc_column_text]VSI Consulting a \u00e9t\u00e9 fond\u00e9e en 2005 en r\u00e9ponse aux besoins des entreprises espagnoles et entit\u00e9s engag\u00e9es dans la promotion des entreprises \u00e0 l&#8217;\u00e9tranger, d&#8217;avoir fiables professionnels, exp\u00e9riment\u00e9s et form\u00e9s partenaires, pour d\u00e9velopper avec succ\u00e8s des projets sur les march\u00e9s internationaux, sans surprises de la derni\u00e8re heure et toujours garantir les r\u00e9sultats \u00e0 l&#8217;avance.<\/p>\n<p>&nbsp;<\/p>\n<p>VSI a d\u00e9m\u00e9nag\u00e9 il y a deux ans et un nouveau, les grands bureaux (90 m2) dans la ville de Cerdanyola del Valles, \u00e0 seulement 14 kilom\u00e8tres de Barcelone, la ville et le si\u00e8ge de l&#8217;universit\u00e9 l&#8217;acc\u00e9l\u00e9rateur de particules Parc Valles technologie et synchrotrons.<\/p>\n<p>&nbsp;<\/p>\n<p>VSI compte 12 personnes en Espagne et plus de 100 sur 45 march\u00e9s internationaux.<\/p>\n<p>&nbsp;<\/p>\n<p>VSI a b\u00e9n\u00e9fici\u00e9 de la confiance de nombreuses organisations espagnoles et internationales pour soutenir leurs activit\u00e9s et services de promotion internationale, comme les chambres de commerce, associations professionnelles, les syndicats et les organisations d&#8217;employeurs et m\u00eame les organismes de promotion de la r\u00e9gion autonome.<\/p>\n<p>&nbsp;<\/p>\n<p>D&#8217;autre part, VSI d\u00e9veloppe annuellement plus de 100 projets individuels pour des entreprises non seulement d&#8217;Espagne, mais aussi du Portugal, de Turquie, de Slov\u00e9nie, d&#8217;Allemagne, d&#8217;Italie, de Pologne &#8230;<\/p>\n<p>&nbsp;<\/p>\n<p>Chez VSI, nous sommes engag\u00e9s envers notre projet, notre travail quotidien et le d\u00e9veloppement international de notre industrie. Nous voulons contribuer \u00e0 la croissance des PME espagnoles.[\/vc_column_text][\/vc_column][\/vc_row]<\/p>\n","protected":false},"excerpt":{"rendered":"<p>[vc_row css_animation=&#8221;&#8221; row_type=&#8221;row&#8221; use_row_as_full_screen_section=&#8221;no&#8221; type=&#8221;full_width&#8221; angled_section=&#8221;no&#8221; text_align=&#8221;left&#8221; background_image_as_pattern=&#8221;without_pattern&#8221;][vc_column width=&#8221;1\/2&#8243;][vc_single_image image=&#8221;15977&#8243; img_size=&#8221;large&#8221; alignment=&#8221;center&#8221; qode_css_animation=&#8221;&#8221; title=&#8221;Bureaux VSI Consulting Barcelona&#8221;][vc_empty_space][vc_single_image image=&#8221;15978&#8243; img_size=&#8221;535&#215;403&#8243; alignment=&#8221;center&#8221; qode_css_animation=&#8221;&#8221;][vc_empty_space][\/vc_column][vc_column width=&#8221;1\/2&#8243;][vc_column_text]VSI Consulting a \u00e9t\u00e9 fond\u00e9e en 2005 en r\u00e9ponse aux besoins des entreprises espagnoles et entit\u00e9s engag\u00e9es dans la promotion des entreprises \u00e0 l&#8217;\u00e9tranger,&#8230;<\/p>\n","protected":false},"author":1,"featured_media":0,"parent":0,"menu_order":0,"comment_status":"closed","ping_status":"closed","template":"","meta":[],"_links":{"self":[{"href":"https:\/\/www.vsiconsulting.net\/fr\/wp-json\/wp\/v2\/pages\/16686"}],"collection":[{"href":"https:\/\/www.vsiconsulting.net\/fr\/wp-json\/wp\/v2\/pages"}],"about":[{"href":"https:\/\/www.vsiconsulting.net\/fr\/wp-json\/wp\/v2\/types\/page"}],"author":[{"embeddable":true,"href":"https:\/\/www.vsiconsulting.net\/fr\/wp-json\/wp\/v2\/users\/1"}],"replies":[{"embeddable":true,"href":"https:\/\/www.vsiconsulting.net\/fr\/wp-json\/wp\/v2\/comments?post=16686"}],"version-history":[{"count":3,"href":"https:\/\/www.vsiconsulting.net\/fr\/wp-json\/wp\/v2\/pages\/16686\/revisions"}],"predecessor-version":[{"id":16715,"href":"https:\/\/www.vsiconsulting.net\/fr\/wp-json\/wp\/v2\/pages\/16686\/revisions\/16715"}],"wp:attachment":[{"href":"https:\/\/www.vsiconsulting.net\/fr\/wp-json\/wp\/v2\/media?parent=16686"}],"curies":[{"name":"wp","href":"https:\/\/api.w.org\/{rel}","templated":true}]}}