{"id":16685,"date":"2017-08-16T07:53:51","date_gmt":"2017-08-16T07:53:51","guid":{"rendered":"http:\/\/www.vsiconsulting.net\/show-room\/"},"modified":"2017-12-21T09:55:41","modified_gmt":"2017-12-21T09:55:41","slug":"show-room","status":"publish","type":"page","link":"https:\/\/www.vsiconsulting.net\/fr\/show-room\/","title":{"rendered":"Show Room"},"content":{"rendered":"<p>[vc_row css_animation=&#8221;&#8221; row_type=&#8221;row&#8221; use_row_as_full_screen_section=&#8221;no&#8221; type=&#8221;full_width&#8221; angled_section=&#8221;no&#8221; text_align=&#8221;left&#8221; background_image_as_pattern=&#8221;without_pattern&#8221;][vc_column width=&#8221;1\/2&#8243;][vc_single_image image=&#8221;16141&#8243; img_size=&#8221;full&#8221; alignment=&#8221;center&#8221; qode_css_animation=&#8221;&#8221;][\/vc_column][vc_column width=&#8221;1\/2&#8243;][vc_column_text]D\u00e9veloppement des agendas de r\u00e9union sur le lieu de l&#8217;\u00e9v\u00e9nement, y compris les \u00e9tudes sectorielles, les actions de marketing et la promotion de l&#8217;\u00e9v\u00e9nement, la coordination et la logistique int\u00e9grale.<\/p>\n<p>&nbsp;<\/p>\n<p>VSI peut \u00eatre responsable de la location de salles et de la restauration, de l&#8217;organisation d&#8217;\u00e9v\u00e9nements officiels, de l&#8217;invitation des autorit\u00e9s locales, de l&#8217;organisation de conf\u00e9rences de presse et de campagnes de communication, du d\u00e9veloppement de s\u00e9minaires et de conf\u00e9renciers, etc.<\/p>\n<p>&nbsp;<\/p>\n<p>Les actes les plus courants sont la d\u00e9gustation de produits alimentaires ou de boissons ainsi que des salles d&#8217;exposition sectorielles (bijoux, \u00e9lectronique, construction, mobilier, etc &#8230; avec ou sans exposition au produit).<\/p>\n<p>[\/vc_column_text][\/vc_column][\/vc_row]<\/p>\n","protected":false},"excerpt":{"rendered":"<p>[vc_row css_animation=&#8221;&#8221; row_type=&#8221;row&#8221; use_row_as_full_screen_section=&#8221;no&#8221; type=&#8221;full_width&#8221; angled_section=&#8221;no&#8221; text_align=&#8221;left&#8221; background_image_as_pattern=&#8221;without_pattern&#8221;][vc_column width=&#8221;1\/2&#8243;][vc_single_image image=&#8221;16141&#8243; img_size=&#8221;full&#8221; alignment=&#8221;center&#8221; qode_css_animation=&#8221;&#8221;][\/vc_column][vc_column width=&#8221;1\/2&#8243;][vc_column_text]D\u00e9veloppement des agendas de r\u00e9union sur le lieu de l&#8217;\u00e9v\u00e9nement, y compris les \u00e9tudes sectorielles, les actions de marketing et la promotion de l&#8217;\u00e9v\u00e9nement, la coordination et la logistique int\u00e9grale. &nbsp; VSI&#8230;<\/p>\n","protected":false},"author":1,"featured_media":0,"parent":0,"menu_order":0,"comment_status":"closed","ping_status":"closed","template":"","meta":[],"_links":{"self":[{"href":"https:\/\/www.vsiconsulting.net\/fr\/wp-json\/wp\/v2\/pages\/16685"}],"collection":[{"href":"https:\/\/www.vsiconsulting.net\/fr\/wp-json\/wp\/v2\/pages"}],"about":[{"href":"https:\/\/www.vsiconsulting.net\/fr\/wp-json\/wp\/v2\/types\/page"}],"author":[{"embeddable":true,"href":"https:\/\/www.vsiconsulting.net\/fr\/wp-json\/wp\/v2\/users\/1"}],"replies":[{"embeddable":true,"href":"https:\/\/www.vsiconsulting.net\/fr\/wp-json\/wp\/v2\/comments?post=16685"}],"version-history":[{"count":1,"href":"https:\/\/www.vsiconsulting.net\/fr\/wp-json\/wp\/v2\/pages\/16685\/revisions"}],"predecessor-version":[{"id":16739,"href":"https:\/\/www.vsiconsulting.net\/fr\/wp-json\/wp\/v2\/pages\/16685\/revisions\/16739"}],"wp:attachment":[{"href":"https:\/\/www.vsiconsulting.net\/fr\/wp-json\/wp\/v2\/media?parent=16685"}],"curies":[{"name":"wp","href":"https:\/\/api.w.org\/{rel}","templated":true}]}}